{"id":254,"date":"2022-08-30T17:12:15","date_gmt":"2022-08-30T15:12:15","guid":{"rendered":"https:\/\/swiatdziecka-ruczaj.pl\/WP1\/?page_id=254"},"modified":"2026-02-16T13:46:04","modified_gmt":"2026-02-16T12:46:04","slug":"zlobek-cennik","status":"publish","type":"page","link":"https:\/\/swiatdziecka-ruczaj.pl\/WP1\/zlobek-cennik\/","title":{"rendered":"\u017b\u0142obek \u2013 cennik"},"content":{"rendered":"\t\t<div data-elementor-type=\"wp-page\" data-elementor-id=\"254\" class=\"elementor elementor-254\" data-elementor-post-type=\"page\">\n\t\t\t\t\t\t<section class=\"elementor-section elementor-top-section elementor-element elementor-element-d728eb7 elementor-reverse-mobile elementor-section-boxed elementor-section-height-default elementor-section-height-default\" data-id=\"d728eb7\" data-element_type=\"section\" data-e-type=\"section\" data-settings=\"{&quot;background_background&quot;:&quot;classic&quot;}\">\n\t\t\t\t\t\t<div class=\"elementor-container elementor-column-gap-default\">\n\t\t\t\t\t<div class=\"elementor-column elementor-col-50 elementor-top-column elementor-element elementor-element-d635bb0\" data-id=\"d635bb0\" data-element_type=\"column\" data-e-type=\"column\" data-settings=\"{&quot;background_background&quot;:&quot;classic&quot;}\">\n\t\t\t<div class=\"elementor-widget-wrap elementor-element-populated\">\n\t\t\t\t\t<div class=\"elementor-background-overlay\"><\/div>\n\t\t\t\t\t\t<div class=\"elementor-element elementor-element-38e9ea3 elementor-widget__width-auto elementor-absolute elementor-widget elementor-widget-image\" data-id=\"38e9ea3\" data-element_type=\"widget\" data-e-type=\"widget\" data-settings=\"{&quot;_position&quot;:&quot;absolute&quot;}\" data-widget_type=\"image.default\">\n\t\t\t\t<div class=\"elementor-widget-container\">\n\t\t\t\t\t\t\t\t\t\t\t\t\t\t\t<img fetchpriority=\"high\" decoding=\"async\" width=\"800\" height=\"405\" src=\"https:\/\/swiatdziecka-ruczaj.pl\/WP1\/wp-content\/uploads\/2022\/08\/sun-rainbow-1024x519.png\" class=\"attachment-large size-large wp-image-627\" alt=\"\" srcset=\"https:\/\/swiatdziecka-ruczaj.pl\/WP1\/wp-content\/uploads\/2022\/08\/sun-rainbow-1024x519.png 1024w, https:\/\/swiatdziecka-ruczaj.pl\/WP1\/wp-content\/uploads\/2022\/08\/sun-rainbow-300x152.png 300w, https:\/\/swiatdziecka-ruczaj.pl\/WP1\/wp-content\/uploads\/2022\/08\/sun-rainbow-768x389.png 768w, https:\/\/swiatdziecka-ruczaj.pl\/WP1\/wp-content\/uploads\/2022\/08\/sun-rainbow.png 1212w\" sizes=\"(max-width: 800px) 100vw, 800px\" \/>\t\t\t\t\t\t\t\t\t\t\t\t\t\t\t<\/div>\n\t\t\t\t<\/div>\n\t\t\t\t<div class=\"elementor-element elementor-element-e2c4e03 elementor-widget elementor-widget-image\" data-id=\"e2c4e03\" data-element_type=\"widget\" data-e-type=\"widget\" data-widget_type=\"image.default\">\n\t\t\t\t<div class=\"elementor-widget-container\">\n\t\t\t\t\t\t\t\t\t\t\t\t\t\t\t<img decoding=\"async\" width=\"451\" height=\"576\" src=\"https:\/\/swiatdziecka-ruczaj.pl\/WP1\/wp-content\/uploads\/2022\/08\/school-kid.png\" class=\"attachment-full size-full wp-image-932\" alt=\"\" srcset=\"https:\/\/swiatdziecka-ruczaj.pl\/WP1\/wp-content\/uploads\/2022\/08\/school-kid.png 451w, https:\/\/swiatdziecka-ruczaj.pl\/WP1\/wp-content\/uploads\/2022\/08\/school-kid-235x300.png 235w\" sizes=\"(max-width: 451px) 100vw, 451px\" \/>\t\t\t\t\t\t\t\t\t\t\t\t\t\t\t<\/div>\n\t\t\t\t<\/div>\n\t\t\t\t\t<\/div>\n\t\t<\/div>\n\t\t\t\t<div class=\"elementor-column elementor-col-50 elementor-top-column elementor-element elementor-element-c86c386\" data-id=\"c86c386\" data-element_type=\"column\" data-e-type=\"column\">\n\t\t\t<div class=\"elementor-widget-wrap elementor-element-populated\">\n\t\t\t\t\t\t<div class=\"elementor-element elementor-element-d0806f9 elementor-widget elementor-widget-image\" data-id=\"d0806f9\" data-element_type=\"widget\" data-e-type=\"widget\" data-widget_type=\"image.default\">\n\t\t\t\t<div class=\"elementor-widget-container\">\n\t\t\t\t\t\t\t\t\t\t\t\t\t\t\t<img decoding=\"async\" width=\"315\" height=\"26\" src=\"https:\/\/swiatdziecka-ruczaj.pl\/WP1\/wp-content\/uploads\/2022\/08\/underline-dot.png\" class=\"attachment-large size-large wp-image-29\" alt=\"\" srcset=\"https:\/\/swiatdziecka-ruczaj.pl\/WP1\/wp-content\/uploads\/2022\/08\/underline-dot.png 315w, https:\/\/swiatdziecka-ruczaj.pl\/WP1\/wp-content\/uploads\/2022\/08\/underline-dot-300x25.png 300w\" sizes=\"(max-width: 315px) 100vw, 315px\" \/>\t\t\t\t\t\t\t\t\t\t\t\t\t\t\t<\/div>\n\t\t\t\t<\/div>\n\t\t\t\t<div class=\"elementor-element elementor-element-8738c17 elementor-widget elementor-widget-text-editor\" data-id=\"8738c17\" data-element_type=\"widget\" data-e-type=\"widget\" data-widget_type=\"text-editor.default\">\n\t\t\t\t<div class=\"elementor-widget-container\">\n\t\t\t\t\t\t\t\t\t<p><span style=\"text-decoration: underline;\"><strong>CZESNE WYNOSI 2200z\u0142\u00a0<\/strong><\/span><\/p><p>CENNIK 2026<\/p><p><a href=\"https:\/\/swiatdziecka-ruczaj.pl\/WP1\/wp-content\/uploads\/2026\/02\/2026-Cennik.pdf\">2026 Cennik<\/a><\/p><p><a href=\"https:\/\/swiatdziecka-ruczaj.pl\/WP1\/wp-content\/uploads\/2026\/02\/09.2026-Cennik.pdf\">09.2026 Cennik<\/a><\/p><p>Wp\u0142aty nale\u017cy dokonywa\u0107 do 05 dnia ka\u017cdego miesi\u0105ca przelewem na rachunek bankowy:<\/p><p>Bank Ing Bank \u015al\u0105ski nr 50105014451000009221898076<\/p><p>Warunki przyj\u0119cia dziecka do \u017b\u0142obka.<br \/>* Przyj\u0119cie dziecka do \u017b\u0142obka nast\u0119puje po podpisaniu umowy i wp\u0142acie op\u0142aty rezerwacyjnej.<\/p><p><span style=\"text-decoration: underline;\"><strong>OP\u0141ATA REZERWACYJNA<\/strong><\/span><br \/><strong>Wynosi 500 z\u0142.<\/strong> Jest to op\u0142ata bezzwrotna ,gwarantuj\u0105ca miejsce w \u017c\u0142obku. Op\u0142ata zawiera ubezpieczenie NNW dziecka, materia\u0142y plastyczne, materia\u0142y dydaktyczne oraz podstawow\u0105 wyprawk\u0119 (chusteczki nawil\u017cane, myd\u0142o antybakteryjne, naczynia, nocnik, itp.) przez wszystkie lata pobytu dziecka w \u017b\u0142obku. W przypadku odst\u0105pienia od umowy op\u0142ata rezerwacyjna nie podlega zwrotowi.\u00a0<\/p><p>W roku 2026 w okresie od 1 stycznia do 31 grudnia 2026r Gmina Miejska Krak\u00f3w udziela\u0107 b\u0119dzie dotacji (dofinansowania) do dzieci obj\u0119tych opiek\u0105. Dotacja (dofinansowanie) udzielana jest wy\u0142\u0105cznie na dzieci zamieszka\u0142e na terenie miasta Krakowa obj\u0119te opiek\u0105 \u017c\u0142obka, klubu dzieci\u0119cego lub dziennego opiekuna i wynosi: Podstawowa kwota dotacji (dofinansowania) udzielanej przez Gmin\u0119 Miejsk\u0105 Krak\u00f3w wynosi 2,90 z\u0142 za godzin\u0119 opieki nad dzieckiem. Od 09.2026\u00a0 1,9z\u0142 za godzin\u0119 opieki nad dzieckiem. Zgodnie z podpisan\u0105 z Gmin\u0105 Miejsk\u0105 Krak\u00f3w umow\u0105, w okresie otrzymywania dotacji zobowi\u0105zani jeste\u015bmy do pomniejszania wysoko\u015bci miesi\u0119cznych op\u0142at za obj\u0119cie opiek\u0105 dziecka (tzw. \u201eczesne\u201d) o kwot\u0119 nie ni\u017csz\u0105 ni\u017c kwota uzyskanej od Gminy dotacji. Miesi\u0119czna kwota o jak\u0105 obni\u017cone zostan\u0105 op\u0142aty za opiek\u0119 wyliczona zostanie wed\u0142ug wzoru: ilo\u015b\u0107 godzin zapewnienia opieki dziecku w danym miesi\u0105cu (liczona na podstawie zawartej z rodzicami lub opiekunami prawnymi umowy) x 2,90 z\u0142 lub x 1,9 z\u0142.<\/p><p>W przypadku obj\u0119cia opiek\u0105 dziecka z orzeczeniem o niepe\u0142nosprawno\u015bci Gmina Miejska Krak\u00f3w udziela\u0107 b\u0119dzie podmiotowi \u015bwiadcz\u0105cemu opiek\u0119 dodatkowej dotacji (dofinansowania) w wysoko\u015bci 6,00 z\u0142 za ka\u017cd\u0105 godzin\u0119 opieki nad dzieckiem.\u00a0<\/p><p>Ewentualne uwagi dotycz\u0105ce udzielanych dotacji nale\u017cy kierowa\u0107 do Biura ds. Ochrony Zdrowia Urz\u0119du Miasta Krakowa, ul. Dekerta, 31-319 Krak\u00f3w tel. 12 616-92-84, e-mail: bz.umk@um.krakow.pl.<\/p><p>Ka\u017cda dodatkowa godzina pobytu dziecka po 10h wynosi 40 z\u0142 Czesne p\u0142atne jest do 5 ka\u017cdego miesi\u0105ca.<\/p><p>Dofinansowania do \u017b\u0142obka z ZUS b\u0119dzie zwracane na konto Rodzica* (tylko w przypadku przyznania dofinansowania z ZUS oraz po otrzymaniu \u015bwiadczenia.)<br \/>Zwrot na konto Rodzica nast\u0105pi do 7 dni po otrzymaniu przelewu z ZUS.<\/p><p><span style=\"text-decoration: underline;\"><strong>POSI\u0141KI<\/strong><\/span><br \/>Czesne nie obejmuje op\u0142aty za wy\u017cywienie dostarczane przez firm\u0119 cateringow\u0105. Stawka dzienna za wy\u017cywienie wynosi 22,00z\u0142.<\/p><p>* \u015bniadanie \u2013 4,0 z\u0142,<\/p><p>* obiad dwudaniowy \u2013 15,0 z\u0142,<\/p><p>* podwieczorek + owoc 3 z\u0142<\/p><p>*. Oplata za wy\u017cywienie dziecka w \u017c\u0142obku pobierana jest z do\u0142u i p\u0142atna jest do 5 dnia ka\u017cdego miesi\u0105ca<\/p>\t\t\t\t\t\t\t\t<\/div>\n\t\t\t\t<\/div>\n\t\t\t\t\t<\/div>\n\t\t<\/div>\n\t\t\t\t\t<\/div>\n\t\t<\/section>\n\t\t\t\t<\/div>\n\t\t","protected":false},"excerpt":{"rendered":"<p>CZESNE WYNOSI 2200z\u0142\u00a0 CENNIK 2026 2026 Cennik 09.2026 Cennik Wp\u0142aty nale\u017cy dokonywa\u0107 do 05 dnia ka\u017cdego miesi\u0105ca przelewem na rachunek bankowy: Bank Ing Bank \u015al\u0105ski nr 50105014451000009221898076 Warunki przyj\u0119cia dziecka do \u017b\u0142obka.* Przyj\u0119cie dziecka do \u017b\u0142obka nast\u0119puje po podpisaniu umowy i wp\u0142acie op\u0142aty rezerwacyjnej. OP\u0141ATA REZERWACYJNAWynosi 500 z\u0142. Jest to op\u0142ata bezzwrotna ,gwarantuj\u0105ca miejsce w [&hellip;]<\/p>\n","protected":false},"author":1,"featured_media":0,"parent":0,"menu_order":0,"comment_status":"closed","ping_status":"closed","template":"","meta":{"footnotes":""},"class_list":["post-254","page","type-page","status-publish","hentry"],"_links":{"self":[{"href":"https:\/\/swiatdziecka-ruczaj.pl\/WP1\/wp-json\/wp\/v2\/pages\/254","targetHints":{"allow":["GET"]}}],"collection":[{"href":"https:\/\/swiatdziecka-ruczaj.pl\/WP1\/wp-json\/wp\/v2\/pages"}],"about":[{"href":"https:\/\/swiatdziecka-ruczaj.pl\/WP1\/wp-json\/wp\/v2\/types\/page"}],"author":[{"embeddable":true,"href":"https:\/\/swiatdziecka-ruczaj.pl\/WP1\/wp-json\/wp\/v2\/users\/1"}],"replies":[{"embeddable":true,"href":"https:\/\/swiatdziecka-ruczaj.pl\/WP1\/wp-json\/wp\/v2\/comments?post=254"}],"version-history":[{"count":67,"href":"https:\/\/swiatdziecka-ruczaj.pl\/WP1\/wp-json\/wp\/v2\/pages\/254\/revisions"}],"predecessor-version":[{"id":2135,"href":"https:\/\/swiatdziecka-ruczaj.pl\/WP1\/wp-json\/wp\/v2\/pages\/254\/revisions\/2135"}],"wp:attachment":[{"href":"https:\/\/swiatdziecka-ruczaj.pl\/WP1\/wp-json\/wp\/v2\/media?parent=254"}],"curies":[{"name":"wp","href":"https:\/\/api.w.org\/{rel}","templated":true}]}}