{"id":242,"date":"2022-08-30T17:09:47","date_gmt":"2022-08-30T15:09:47","guid":{"rendered":"https:\/\/swiatdziecka-ruczaj.pl\/WP1\/?page_id=242"},"modified":"2024-01-24T12:33:11","modified_gmt":"2024-01-24T11:33:11","slug":"zlobek-regulamin","status":"publish","type":"page","link":"https:\/\/swiatdziecka-ruczaj.pl\/WP1\/zlobek-regulamin\/","title":{"rendered":"\u017b\u0142obek \u2013 Regulamin"},"content":{"rendered":"\t\t<div data-elementor-type=\"wp-page\" data-elementor-id=\"242\" class=\"elementor elementor-242\" data-elementor-post-type=\"page\">\n\t\t\t\t\t\t<section class=\"elementor-section elementor-top-section elementor-element elementor-element-fb889d4 elementor-section-boxed elementor-section-height-default elementor-section-height-default\" data-id=\"fb889d4\" data-element_type=\"section\" data-e-type=\"section\" data-settings=\"{&quot;background_background&quot;:&quot;classic&quot;}\">\n\t\t\t\t\t\t\t<div class=\"elementor-background-overlay\"><\/div>\n\t\t\t\t\t\t\t<div class=\"elementor-container elementor-column-gap-default\">\n\t\t\t\t\t<div class=\"elementor-column elementor-col-100 elementor-top-column elementor-element elementor-element-1e2b263e\" data-id=\"1e2b263e\" data-element_type=\"column\" data-e-type=\"column\" data-settings=\"{&quot;background_background&quot;:&quot;classic&quot;}\">\n\t\t\t<div class=\"elementor-widget-wrap elementor-element-populated\">\n\t\t\t\t\t\t<div class=\"elementor-element elementor-element-36016002 elementor-widget elementor-widget-heading\" data-id=\"36016002\" data-element_type=\"widget\" data-e-type=\"widget\" data-widget_type=\"heading.default\">\n\t\t\t\t<div class=\"elementor-widget-container\">\n\t\t\t\t\t<h2 class=\"elementor-heading-title elementor-size-default\">REGULAMIN ORGANIZACYJNY\n\nNIEPUBLICZNEGO \u017b\u0141OBKA\n\n\u201e\u015aWIAT DZIECKA\u201d<\/h2>\t\t\t\t<\/div>\n\t\t\t\t<\/div>\n\t\t\t\t<div class=\"elementor-element elementor-element-72774d59 elementor-widget elementor-widget-text-editor\" data-id=\"72774d59\" data-element_type=\"widget\" data-e-type=\"widget\" data-widget_type=\"text-editor.default\">\n\t\t\t\t<div class=\"elementor-widget-container\">\n\t\t\t\t\t\t\t\t\t<p class=\"western\"><b>podstawa prawna: art. 21 ustawy dnia z 4 lutego 2011 r.<\/b><\/p><p class=\"western\"><b>o opiece nad dzie\u0107mi w wieku do lat 3<\/b><\/p><p class=\"western\"><i><b>(Dz. U. Nr 45, poz. 235)<\/b><\/i><\/p><p class=\"western\" align=\"CENTER\"><b>\u00a7 1<\/b><\/p><p class=\"western\" align=\"JUSTIFY\">1. Ze \u015bwiadcze\u0144 \u017c\u0142obka mo\u017ce korzysta\u0107 dziecko w wieku od\u00a01 roku\u00a0\u017cycia do lat 3.<\/p><p class=\"western\" align=\"JUSTIFY\">2. \u017b\u0142obek zapewnia \u015bwiadczenia zgodnie z obowi\u0105zuj\u0105cymi normami i standardami<\/p><p class=\"western\" align=\"JUSTIFY\">opieki nad zdrowym dzieckiem.<\/p><p class=\"western\" align=\"JUSTIFY\">3.\u017b\u0142obek prowadzi dzia\u0142alno\u015b\u0107 od poniedzia\u0142ku do pi\u0105tku w godzinach 7:00-17.30 z wyj\u0105tkiem dni ustawowo wolnych od pracy. W Wigili\u0119 Bo\u017cego Narodzenia oraz Sylwestra \u017b\u0142obek jest nieczynny. W przed\u0142u\u017cone weekendy \u017b\u0142obek zastrzega sobie mo\u017cliwo\u015b\u0107 zamkni\u0119cia plac\u00f3wki. W okresie wakacyjnym tj. (Lipiec, Sierpie\u0144) \u017c\u0142obek zastrzega sobie mo\u017cliwo\u015b\u0107 zamkni\u0119cia plac\u00f3wki do\u00a010 dni na przeprowadzenie prac remontowych.<\/p><p class=\"western\" align=\"JUSTIFY\">4. \u017b\u0142obek zapewnia opiek\u0119 do 10h dziennie.<\/p><p class=\"western\" align=\"JUSTIFY\">5. \u017b\u0142obek zapewnia 4 posi\u0142ki dziennie.<\/p><p class=\"western\" align=\"JUSTIFY\">6. W szczeg\u00f3lnie uzasadnionych przypadkach pobyt dziecka mo\u017ce by\u0107 na wniosek rodzica wyd\u0142u\u017cony, za dodatkow\u0105 op\u0142at\u0105 ustalon\u0105 w podpisanej umowie.<\/p><p class=\"western\" align=\"JUSTIFY\">7. W przypadku stwierdzenia, \u017ce rodzic (opiekun) lub inna upowa\u017cniona osoba, co do kt\u00f3rej zachodzi obawa, \u017ce nie gwarantuje odpowiedniej opieki nad dzieckiem (stany emocjonalne, odurzenie i inne) dziecko pozostawia si\u0119 w plac\u00f3wce do momentu przybycia zawiadomionej przez \u017c\u0142obek innej uprawnionej do odbioru dziecka osoby.<\/p><p class=\"western\" align=\"JUSTIFY\">8. Po przyj\u0119ciu dziecka, pozostaje ono pod sta\u0142\u0105 opiek\u0105 fachowego personelu pedagogicznego przez ca\u0142y okres a\u017c do odebrania przez upowa\u017cnion\u0105 osob\u0119.<\/p><p class=\"western\" align=\"JUSTIFY\">9. Rodzice (opiekunowie) informowani s\u0105 przez personel \u017c\u0142obka o wszelkich niepokoj\u0105cych objawach zachowania si\u0119 dziecka, tak by ograniczy\u0107 lub nie dopu\u015bci\u0107 do objaw\u00f3w chorobowych u dziecka a tak\u017ce innych dzieci.<\/p><p class=\"western\" align=\"JUSTIFY\">10. Ramowy rozk\u0142ad dnia uwzgl\u0119dniaj\u0105cy wymagania zdrowotne, higieniczne i dydaktyczne jest umieszczony na tablicy og\u0142osze\u0144 oraz dost\u0119pny na stronie internetowej plac\u00f3wki.<\/p><p class=\"western\" align=\"CENTER\"><b>\u00a7 2<\/b><\/p><p class=\"western\" style=\"text-align: left;\"><b>Rodzice maj\u0105 prawo do:<\/b><\/p><ul><li><p class=\"western\" align=\"JUSTIFY\">Znajomo\u015bci zada\u0144 wynikaj\u0105cych z planu miesi\u0119cznego \u017c\u0142obka realizowanego w danym oddziale, a dost\u0119pnego na tablicy og\u0142osze\u0144.<\/p><\/li><li><p class=\"western\" align=\"JUSTIFY\">Uzyskiwania rzetelnej informacji dotycz\u0105cej swojego dziecka, jego zachowania, rozwoju i post\u0119p\u00f3w.<\/p><\/li><li><p class=\"western\" align=\"JUSTIFY\">Wyra\u017cania opinii na temat \u017b\u0142obka.<\/p><\/li><li><p class=\"western\" align=\"JUSTIFY\">Sta\u0142ych spotka\u0144 z Nauczycielem w celu wymiany informacji na tematy dydaktyczno \u2013 wychowawcze.<\/p><\/li><li><p class=\"western\" align=\"JUSTIFY\">Udzia\u0142u w zebraniach og\u00f3lnych, spotkaniach grupowych i indywidualnych dla Rodzic\u00f3w.<\/p><\/li><li><p class=\"western\" align=\"JUSTIFY\">Aktywnego w\u0142\u0105czania si\u0119 w \u017cycie \u017b\u0142obka.<\/p><\/li><li><p class=\"western\" align=\"JUSTIFY\">Wsp\u00f3\u0142uczestniczenia w organizowaniu wydarze\u0144 oraz imprez kulturalnych dla rodzic\u00f3w i dzieci.<\/p><\/li><\/ul><p class=\"western\" align=\"CENTER\"><b>\u00a7 3<\/b><\/p><p class=\"western\" style=\"text-align: left;\"><b>Obowi\u0105zkiem Rodzic\u00f3w jest:<\/b><\/p><ul><li><p class=\"western\" align=\"JUSTIFY\">Rzetelne wype\u0142nienie Karty Zg\u0142oszenia Dziecka.<\/p><\/li><li><p class=\"western\" align=\"JUSTIFY\">Zapoznanie si\u0119 z Regulaminem i Statutem \u017b\u0142obka.<\/p><\/li><li><p class=\"western\" align=\"JUSTIFY\">Wsp\u00f3\u0142dzia\u0142anie z Nauczycielem w procesie wychowania i kszta\u0142cenia oraz opieki.<\/p><\/li><li><p class=\"western\" align=\"JUSTIFY\">Przyprowadzanie i odbieranie dziecka ze \u017b\u0142obka lub upowa\u017cnienie na pi\u015bmie osoby\/os\u00f3b pe\u0142noletnich.<\/p><\/li><li><p class=\"western\" align=\"JUSTIFY\">Informowanie o ka\u017cdym zachorowaniu dziecka lub innej przyczynie nieobecno\u015bci dziecka.<\/p><\/li><li><p class=\"western\" align=\"JUSTIFY\">Poinformowanie o nieobecno\u015bci dziecka w danym dniu najp\u00f3\u017aniej do godz. 8:00 w dniu nieobecno\u015bci. P\u00f3\u017aniejsze powiadomienie wyklucza z mo\u017cliwo\u015bci zwrotu op\u0142aty za wy\u017cywienie.<\/p><\/li><li><p class=\"western\" align=\"JUSTIFY\">Gdy Rodzice nie chc\u0105 skorzysta\u0107 z us\u0142ug firmy cateringowej ich obowi\u0105zkiem jest przyniesienie posi\u0142ku hermetycznie zamkni\u0119tego, oznaczonego imieniem i nazwiskiem dziecka. Mleko matki musi by\u0107 dostarczone w specjalnie przeznaczonym do tego pojemniku, podpisanym imieniem i nazwiskiem dziecka oraz opatrzonym dat\u0105 do spo\u017cycia.<\/p><\/li><li><p class=\"western\" align=\"JUSTIFY\">Natychmiastowe zawiadomienie \u017b\u0142obka w przypadku wyst\u0105pienia u dziecka choroby zaka\u017anej lub innej, kt\u00f3ra mog\u0142aby si\u0119 przenie\u015b\u0107 na inne dzieci korzystaj\u0105ce z us\u0142ug \u017b\u0142obka.<\/p><\/li><li><p class=\"western\" align=\"JUSTIFY\">W przypadku wyst\u0105pienia u dziecka choroby zaka\u017anej \u017c\u0142obek ma prawo \u017c\u0105da\u0107 od Rodzica, a Rodzice s\u0105 zobowi\u0105zani do przed\u0142o\u017cenia za\u015bwiadczenia lekarskiego potwierdzaj\u0105cego zako\u0144czenie leczenia.<\/p><\/li><li><p class=\"western\" align=\"JUSTIFY\">Nieprzynoszenia przez dziecko do \u017b\u0142obka ostrych i niebezpiecznych przedmiot\u00f3w\/zabawek, a tak\u017ce rzeczy drogocennych.<\/p><\/li><li><p class=\"western\" align=\"JUSTIFY\">Przyprowadzanie i odbieranie dziecka ze \u017b\u0142obka osobi\u015bcie lub upowa\u017cnienie do tego na pi\u015bmie osob\u0119 pe\u0142noletni\u0105.<\/p><\/li><li><p class=\"western\" align=\"JUSTIFY\">Regularne zapoznawanie si\u0119 z tre\u015bci\u0105 og\u0142osze\u0144 i komunikat\u00f3w w\u0142a\u015bciciela \u017c\u0142obka<\/p><\/li><li><p class=\"western\" align=\"JUSTIFY\">Przestrzeganie warunk\u00f3w umowy, Statutu, Regulaminu, Procedur oraz dora\u017anych ustale\u0144 organizacyjnych w\u0142a\u015bciciela \u017c\u0142obka.<\/p><\/li><li><p class=\"western\" align=\"JUSTIFY\">Rodzice s\u0105 zobowi\u0105zani do terminowego (do 5-tego dnia miesi\u0105ca) wnoszenia op\u0142at za pobyt dzieci w \u017b\u0142obku w spos\u00f3b okre\u015blony w umowie. Na ka\u017cde kolejne dziecko b\u0119d\u0105ce Rodze\u0144stwem dziecka ucz\u0119szczaj\u0105cego do \u017b\u0142obka w danym roku przedszkolnym przys\u0142uguje zni\u017cka w zap\u0142acie czesnego w wysoko\u015bci 300z\u0142.<\/p><\/li><li><p class=\"western\" align=\"JUSTIFY\">Uiszczenie jednorazowej, bezzwrotnej op\u0142aty (tzw. wpisowego, kt\u00f3rego wysoko\u015b\u0107 okre\u015bla umowa) w dniu podpisania umowy.<\/p><\/li><li><p class=\"western\" align=\"JUSTIFY\">W ramach wpisowego \u017b\u0142obek gwarantuje ubezpieczenie dziecka od NNW, podstawowe pomoce dydaktyczne, edukacyjne i plastyczne oraz podstawow\u0105 wyprawk\u0119 (chusteczki nawil\u017cane, r\u0119czniki papierowe, chusteczki higieniczne, myd\u0142o hipoalergiczne, naczynia, nocnik itp.)<\/p><\/li><\/ul><p class=\"western\" align=\"CENTER\"><b>\u00a7 4<\/b><\/p><p class=\"western\" align=\"JUSTIFY\"><b>Udzielane \u015bwiadczenia obejmuj\u0105 zgodnie z normami dla wieku dziecka:<\/b><\/p><ul><li><p class=\"western\" align=\"JUSTIFY\">pobyt dziecka w \u017b\u0142obku (fachow\u0105 opiek\u0119 opieku\u0144cz\u0105 i dydaktyczno \u2013 wychowawcz\u0105),<\/p><\/li><li><p class=\"western\" align=\"JUSTIFY\">bezpiecze\u0144stwo w czasie organizowanych zaj\u0119\u0107,<\/p><\/li><li><p class=\"western\" align=\"JUSTIFY\">organizowanie zabaw dydaktyczno-wychowawczych i rozwojowych w pomieszczeniach i na wolnym powietrzu (zaj\u0119cia og\u00f3lnorozwojowe, edukacyjne, plastyczne, muzyczno &#8211; rytmiczne, gimnastyczne, kulinarne, specjalistyczne).<\/p><\/li><li><p class=\"western\" align=\"JUSTIFY\">dzia\u0142ania na rzecz kszta\u0142towania postaw prospo\u0142ecznych i usamodzielniania,<\/p><\/li><li><p class=\"western\" align=\"JUSTIFY\">wsp\u00f3\u0142prac\u0119 z Rodzicami lub Opiekunami prawnymi, uwzgl\u0119dnienie propozycji Rodzic\u00f3w\/Opiekun\u00f3w, kt\u00f3re mog\u0105 mie\u0107 korzystny wp\u0142yw na rozw\u00f3j dziecka,<\/p><\/li><li><p class=\"western\" align=\"JUSTIFY\">bezpiecze\u0144stwo i higien\u0119 snu.<\/p><\/li><\/ul><p class=\"western\" align=\"CENTER\"><b>\u00a7 5<\/b><\/p><ol><li><p class=\"western\" align=\"JUSTIFY\"><b>Dziecko powinno by\u0107 zaopatrzone przez Rodzic\u00f3w\/Opiekun\u00f3w w:<\/b><\/p><\/li><\/ol><ul><li><p class=\"western\" align=\"JUSTIFY\">Butelk\u0119 do karmienia &#8211; je\u015bli dziecko jest karmione butelk\u0105,<\/p><\/li><li><p class=\"western\" align=\"JUSTIFY\">Butelk\u0119 do picia &#8211; je\u015bli pije napoje z butelki;<\/p><\/li><li><p class=\"western\" align=\"JUSTIFY\">Smoczek \u2013 je\u017celi dziecko korzysta ze smoczka;<\/p><\/li><li><p class=\"western\" align=\"JUSTIFY\">Poduszeczk\u0119, ma\u0142y kocyk, przytulank\u0119;<\/p><\/li><li><p class=\"western\" align=\"JUSTIFY\">Chusteczki higieniczne 1 opak.\/1 mc.;<\/p><\/li><li><p class=\"western\" align=\"JUSTIFY\">Obuwie do \u0142atwego zak\u0142adania (np. rzepy lub zatrzask \u2013 je\u015bli dziecko samo chodzi) lub skarpetki antypo\u015blizgowe;<\/p><\/li><li><p class=\"western\" align=\"JUSTIFY\">Zapas pampers\u00f3w na 1 tydzie\u0144;<\/p><\/li><li><p class=\"western\" align=\"JUSTIFY\">P\u0142aszczyk przeciwdeszczowy lub pelerynka;<\/p><\/li><li><p class=\"western\" align=\"JUSTIFY\">Ubranka na zmian\u0119 (min. 2 komplety: \u015bpioszki, koszulka, bluzeczka, bielizna, rajstopy lub skarpetki);<\/p><\/li><li><p class=\"western\" align=\"JUSTIFY\">Kalosze\u2013 je\u015bli dziecko samo chodzi;<\/p><\/li><\/ul><p class=\"western\" align=\"JUSTIFY\">2. Rodzice zobowi\u0105zuj\u0105 si\u0119 do prania i dostarczania czystej pi\u017camki i po\u015bcieli 1 raz w miesi\u0105cu lub w razie potrzeby cz\u0119\u015bciej.<\/p><p class=\"western\" align=\"JUSTIFY\">3. Je\u017celi dziecko:<\/p><p class=\"western\" align=\"JUSTIFY\">a) korzysta z urz\u0105dze\u0144 lub aparat\u00f3w (innych), kt\u00f3re winno nosi\u0107 tak\u017ce w czasie przebywania w \u017c\u0142obku, rodzice (opiekunowie) mog\u0105 przekaza\u0107 je personelowi wraz z instrukcj\u0105 dotycz\u0105c\u0105 zasady ich u\u017cywania i obs\u0142ugi.<\/p><p class=\"western\" align=\"JUSTIFY\">b) ma inne ni\u017c r\u00f3wie\u015bnicy potrzeby je\u015bli chodzi o diet\u0119, higien\u0119 snu, warunki rozwoju psychomotorycznego i emocjonalnego, rodzice (opiekunowie) winni informowa\u0107 na bie\u017c\u0105co personel o takich potrzebach, b\u0105d\u017a zachowaniach dziecka, by w granicach mo\u017cliwo\u015bci zapewni\u0107 dziecku optymalne warunki.<\/p><p class=\"western\" align=\"CENTER\"><b>\u00a7 6<\/b><\/p><p class=\"western\" align=\"JUSTIFY\"><b>Dziecko ma prawo w szczeg\u00f3lno\u015bci do:<\/b><\/p><ul><li><p class=\"western\" align=\"JUSTIFY\">r\u00f3wnego traktowania,<\/p><\/li><li><p class=\"western\" align=\"JUSTIFY\">poszanowania godno\u015bci i intymno\u015bci,<\/p><\/li><li><p class=\"western\" align=\"JUSTIFY\">wys\u0142uchania i w miar\u0119 mo\u017cliwo\u015bci uwzgl\u0119dniania zdania i \u017cycze\u0144,<\/p><\/li><li><p class=\"western\" align=\"JUSTIFY\">nietykalno\u015bci fizycznej,<\/p><\/li><li><p class=\"western\" align=\"JUSTIFY\">poszanowania tradycji kulturowej i religijnej z poszanowaniem zwyczaj\u00f3w,<\/p><\/li><li><p class=\"western\" align=\"JUSTIFY\">odwiedzin rodzic\u00f3w w czasie pobytu w \u017c\u0142obku.<\/p><\/li><\/ul><p class=\"western\" align=\"CENTER\"><b>\u00a7 7<\/b><\/p><p class=\"western\" style=\"text-align: left;\"><b>Formy wsp\u00f3\u0142pracy z Rodzicami:<\/b><\/p><ul><li><p class=\"western\" style=\"text-align: left;\">Konsultacje i rozmowy indywidualne z Dyrektorem i Opiekunkami.<\/p><\/li><li><p class=\"western\" style=\"text-align: left;\"><a name=\"_GoBack\"><\/a>Strona internetowa \u017b\u0142obka.<\/p><\/li><li><p class=\"western\" style=\"text-align: left;\">Poczta elektroniczna.<\/p><\/li><\/ul>\t\t\t\t\t\t\t\t<\/div>\n\t\t\t\t<\/div>\n\t\t\t\t\t<\/div>\n\t\t<\/div>\n\t\t\t\t\t<\/div>\n\t\t<\/section>\n\t\t\t\t<\/div>\n\t\t","protected":false},"excerpt":{"rendered":"<p>REGULAMIN ORGANIZACYJNY NIEPUBLICZNEGO \u017b\u0141OBKA \u201e\u015aWIAT DZIECKA\u201d podstawa prawna: art. 21 ustawy dnia z 4 lutego 2011 r. o opiece nad dzie\u0107mi w wieku do lat 3 (Dz. U. Nr 45, poz. 235) \u00a7 1 1. Ze \u015bwiadcze\u0144 \u017c\u0142obka mo\u017ce korzysta\u0107 dziecko w wieku od\u00a01 roku\u00a0\u017cycia do lat 3. 2. \u017b\u0142obek zapewnia \u015bwiadczenia zgodnie z obowi\u0105zuj\u0105cymi [&hellip;]<\/p>\n","protected":false},"author":1,"featured_media":0,"parent":0,"menu_order":0,"comment_status":"closed","ping_status":"closed","template":"","meta":{"footnotes":""},"class_list":["post-242","page","type-page","status-publish","hentry"],"_links":{"self":[{"href":"https:\/\/swiatdziecka-ruczaj.pl\/WP1\/wp-json\/wp\/v2\/pages\/242","targetHints":{"allow":["GET"]}}],"collection":[{"href":"https:\/\/swiatdziecka-ruczaj.pl\/WP1\/wp-json\/wp\/v2\/pages"}],"about":[{"href":"https:\/\/swiatdziecka-ruczaj.pl\/WP1\/wp-json\/wp\/v2\/types\/page"}],"author":[{"embeddable":true,"href":"https:\/\/swiatdziecka-ruczaj.pl\/WP1\/wp-json\/wp\/v2\/users\/1"}],"replies":[{"embeddable":true,"href":"https:\/\/swiatdziecka-ruczaj.pl\/WP1\/wp-json\/wp\/v2\/comments?post=242"}],"version-history":[{"count":22,"href":"https:\/\/swiatdziecka-ruczaj.pl\/WP1\/wp-json\/wp\/v2\/pages\/242\/revisions"}],"predecessor-version":[{"id":1864,"href":"https:\/\/swiatdziecka-ruczaj.pl\/WP1\/wp-json\/wp\/v2\/pages\/242\/revisions\/1864"}],"wp:attachment":[{"href":"https:\/\/swiatdziecka-ruczaj.pl\/WP1\/wp-json\/wp\/v2\/media?parent=242"}],"curies":[{"name":"wp","href":"https:\/\/api.w.org\/{rel}","templated":true}]}}