{"id":233,"date":"2022-08-30T17:08:09","date_gmt":"2022-08-30T15:08:09","guid":{"rendered":"https:\/\/swiatdziecka-ruczaj.pl\/WP1\/?page_id=233"},"modified":"2026-01-28T14:13:11","modified_gmt":"2026-01-28T13:13:11","slug":"zlobek-nasza-kadra","status":"publish","type":"page","link":"https:\/\/swiatdziecka-ruczaj.pl\/WP1\/zlobek-nasza-kadra\/","title":{"rendered":"\u017b\u0142obek \u2013 Nasza Kadra"},"content":{"rendered":"\t\t<div data-elementor-type=\"wp-page\" data-elementor-id=\"233\" class=\"elementor elementor-233\" data-elementor-post-type=\"page\">\n\t\t\t\t\t\t<section class=\"elementor-section elementor-top-section elementor-element elementor-element-4ca29c28 elementor-section-boxed elementor-section-height-default elementor-section-height-default\" data-id=\"4ca29c28\" data-element_type=\"section\" data-e-type=\"section\" data-settings=\"{&quot;background_background&quot;:&quot;classic&quot;}\">\n\t\t\t\t\t\t\t<div class=\"elementor-background-overlay\"><\/div>\n\t\t\t\t\t\t\t<div class=\"elementor-container elementor-column-gap-default\">\n\t\t\t\t\t<div class=\"elementor-column elementor-col-100 elementor-top-column elementor-element elementor-element-48861114\" data-id=\"48861114\" data-element_type=\"column\" data-e-type=\"column\" data-settings=\"{&quot;background_background&quot;:&quot;classic&quot;}\">\n\t\t\t<div class=\"elementor-widget-wrap elementor-element-populated\">\n\t\t\t\t\t\t<div class=\"elementor-element elementor-element-2500eae3 elementor-widget elementor-widget-heading\" data-id=\"2500eae3\" data-element_type=\"widget\" data-e-type=\"widget\" data-widget_type=\"heading.default\">\n\t\t\t\t<div class=\"elementor-widget-container\">\n\t\t\t\t\t<h3 class=\"elementor-heading-title elementor-size-default\">Nasza Kadra<\/h3>\t\t\t\t<\/div>\n\t\t\t\t<\/div>\n\t\t\t\t<div class=\"elementor-element elementor-element-484ae648 elementor-widget elementor-widget-text-editor\" data-id=\"484ae648\" data-element_type=\"widget\" data-e-type=\"widget\" data-widget_type=\"text-editor.default\">\n\t\t\t\t<div class=\"elementor-widget-container\">\n\t\t\t\t\t\t\t\t\t<p style=\"text-align: left;\"><strong>Donata Szyndler<\/strong>\u00a0<strong>&#8211; Dyrektor.<\/strong><\/p><p style=\"text-align: left;\">\u017b\u0142obek \u201e\u015awiat dziecka\u201d stworzy\u0142am z potrzeby serca i pasji. To efekt moich marze\u0144 o miejscu przyjaznym dla dzieci i rodzic\u00f3w. Sama jestem Rodzicem poszukuj\u0105cym \u017c\u0142obka i przedszkola dla swoich pociech. Na bazie w\u0142asnych do\u015bwiadcze\u0144 zapragn\u0119\u0142am stworzy\u0107 miejsce niezwyk\u0142e: zaczarowany, kolorowy i ciekawy \u015bwiat, do kt\u00f3rego dziecko przybywa z wielk\u0105 rado\u015bci\u0105 i ochot\u0105, by bawi\u0107 si\u0119 z r\u00f3wie\u015bnikami, doznawa\u0107 nowych wra\u017ce\u0144, czu\u0107 si\u0119 akceptowane, kochane i bezpieczne.<\/p><h3 style=\"text-align: center;\"><span style=\"color: #6ec1e4;\"><strong>Je\u017cyki &#8211; Grupa starsza<\/strong><\/span><\/h3><p style=\"text-align: left;\"><strong>Pani Ma\u0142gosia &#8211;\u00a0Kierownik \u017b\u0142obka \u015awiat Dziecka\/Opiekunka: <\/strong><\/p><p style=\"text-align: left;\"><strong>Kwalifikacje:<\/strong> policealna TEB, kierunek: Opiekunka dzieci\u0119ca, szkolenie z zakresu udzielania dziecku pierwszej pomocy, kurs pozytywna dyscyplina, kursy i szkolenia psychologiczno &#8211; pedagogiczne i inne.<\/p><p style=\"text-align: left;\"><strong>Pani Ma\u0142gosia o sobie<\/strong>: Posiadam 5- letnie do\u015bwiadczenie w pracy z dzie\u0107mi. Jestem osob\u0105 ciep\u0142\u0105, otwart\u0105, pomys\u0142ow\u0105 oraz obowi\u0105zkow\u0105. Sp\u0119dzanie czasu z dzie\u0107mi daje mi du\u017co rado\u015bci i satysfakcji z tego co mog\u0119 im pokaza\u0107 i nauczy\u0107 po przez r\u00f3\u017cnego rodzaju aktywno\u015bci.<\/p><p style=\"text-align: left;\"><strong>Pani Renata &#8211; Opiekunka<\/strong><\/p><p style=\"text-align: left;\"><strong>Kwalifikacje: <\/strong>kurs Opiekunka w \u017c\u0142obku i klubie dzieci\u0119cym , kurs pozytywna dyscyplina, szkolenie z zakresu udzielania dziecku pierwszej pomocy.<\/p><p style=\"text-align: left;\"><strong>Pani Renata o sobie:<\/strong> Do\u015bwiadczenie w pracy z dzie\u0107mi zdobywa\u0142am podczas pracy w \u017c\u0142obku, przedszkolu a tak\u017ce jako wolontariuszka w Domu Dziecka. Z Publicznym Przedszkolem i Niepublicznym \u017b\u0142obkiem \u015aWIAT DZIECKA rozpocz\u0119\u0142am wsp\u00f3\u0142prac\u0119 na pocz\u0105tku 2020r. Moje g\u0142\u00f3wne wykszta\u0142cenie to Budownictwo i Renowacja zabytk\u00f3w architektury, jednak to praca z dzie\u0107mi okaza\u0142a si\u0119 moj\u0105 \u017cyciow\u0105 pasj\u0105. Prywatnie jestem Mam\u0105, co wyzwoli\u0142o we mnie ogromn\u0105 ch\u0119\u0107 pracy z dzie\u0107mi. Obecnie ca\u0142y czas dokszta\u0142cam si\u0119 w r\u00f3\u017cnych dziedzinach nowoczesnej edukacji, opieki i wychowania.<\/p><h3 style=\"text-align: center;\"><span style=\"color: #6ec1e4;\"><b>Biedronki- Grupa m\u0142odsza<\/b><\/span><\/h3><p style=\"text-align: left;\"><strong>Pani Ania &#8211; Opiekunka<\/strong><\/p><p style=\"text-align: left;\"><strong>Kwalifikacje:<\/strong>\u00a0kurs Opiekunka w \u017c\u0142obku i klubie dzieci\u0119cymi do lat 3; szkolenie z zakresu udzielania dziecku pierwszej pomocy. Wykszta\u0142cenie: Specjalista do spraw finans\u00f3w i rachunkowo\u015bci.<\/p><p style=\"text-align: left;\"><strong>Pani Ania o sobie:<\/strong> Jestem osob\u0105 pogodna i cierpliw\u0105, kt\u00f3ra swoj\u0105 pasj\u0119 odnalaz\u0142a w\u0142a\u015bnie w pracy z najm\u0142odszymi. To tutaj spe\u0142niam si\u0119 zawodowo. Praca z maluszkami sprawia mi ogromn\u0105 satysfakcj\u0119, daje mo\u017cliwo\u015b\u0107 zabawy z nimi,ale r\u00f3wnie\u017c ich nauczania. Jestem kreatywna i komunikatywna wzgl\u0119dem dzieci.<br \/>Prywatnie jestem mam\u0105 dw\u00f3ch wspania\u0142ych c\u00f3rek. To w\u0142a\u015bnie one s\u0105 moja \u017cyciow\u0105 inspiracj\u0105 i wyzwaniem. To dla nich staram si\u0119 by\u0107 pomys\u0142owa i kreatywna, co wykorzystuje r\u00f3wnie\u017c w pracy z maluszkami. Lubi\u0119 sp\u0119dza\u0107 czas aktywnie, uwielbiam podr\u00f3\u017ce, a tak\u017ce czytanie ksi\u0105\u017cek.<\/p><p style=\"text-align: left;\"><strong>Pani Karolina<\/strong> <strong>&#8211; Opiekunka<\/strong><\/p><p style=\"text-align: left;\"><strong>Kwalifikacje:<\/strong> kurs Opiekunki dzieci\u0119cej w \u017c\u0142obku oraz klubie dzieci\u0119cym do lat 3, szkolenie z zakresu udzielania dziecku pierwszej pomocy. Wykszta\u0142cenie: magister zarz\u0105dzania.<\/p><p style=\"text-align: left;\"><strong>Pani Karolina o sobie: <\/strong>Jestem osob\u0105 odpowiedzialn\u0105, sumienn\u0105 oraz wra\u017cliw\u0105 na potrzeby ma\u0142ego dziecka. W swojej pracy staram si\u0119 dawa\u0107 dzieciom jak najwi\u0119cej ciep\u0142a, tak aby czu\u0142y si\u0119 przy mnie bezpiecznie i komfortowo. Obserwowanie jak dzieci poznaj\u0105 \u015bwiat, ucz\u0105 si\u0119 nowych rzeczy, rozbudzaj\u0105 swoj\u0105 ciekawo\u015b\u0107 sprawia mi wiele rado\u015bci. Prywatnie jestem mam\u0105 dw\u00f3jki dzieci. Moj\u0105 pasj\u0105 jest gotowanie oraz g\u00f3rskie w\u0119dr\u00f3wki.<\/p><p style=\"text-align: left;\"><strong>Pani Svietlana &#8211; Opiekunka<\/strong><\/p><p style=\"text-align: left;\"><strong>Kwalifikacje: <\/strong>studia psychologiczno -pedagogiczne: kierunek nauczyciel przedszkolny oraz kierunek pedagogika i psychologia przedszkolna. Wykszta\u0142cenie: magister.<\/p><p style=\"text-align: left;\"><strong>Pani Svietlana o sobie: <\/strong>posiadam \u00a030letnie do\u015bwiadczenie w pracy z dzie\u0107mi. Pracowa\u0142am jako nauczyciel oraz psycholog w przedszkolach na Ukrainie, prowadzi\u0142am r\u00f3wnie\u017c zaj\u0119cia sportowo-gimnastyczne z przedszkolakami. Praca z dzie\u0107mi by\u0142a moim marzeniem z dzieci\u0144stwa, kt\u00f3re uda\u0142o mi si\u0119 zrealizowa\u0107 dlatego jestem kobiet\u0105 spe\u0142nion\u0105 i kochaj\u0105c\u0105 swoj\u0105 prac\u0119. Prywatnie \u017cona i mama pasjonuj\u0105ca si\u0119 domow\u0105 kuchni\u0105 oraz sp\u0119dzaniem czasu na \u0142onie natury. Szczeg\u00f3lnie kocham morze o ka\u017cdej porze roku.<\/p><div id=\"line_space\" dir=\"auto\">\u00a0<\/div>\t\t\t\t\t\t\t\t<\/div>\n\t\t\t\t<\/div>\n\t\t\t\t\t<\/div>\n\t\t<\/div>\n\t\t\t\t\t<\/div>\n\t\t<\/section>\n\t\t\t\t<\/div>\n\t\t","protected":false},"excerpt":{"rendered":"<p>Nasza Kadra Donata Szyndler\u00a0&#8211; Dyrektor. \u017b\u0142obek \u201e\u015awiat dziecka\u201d stworzy\u0142am z potrzeby serca i pasji. To efekt moich marze\u0144 o miejscu przyjaznym dla dzieci i rodzic\u00f3w. Sama jestem Rodzicem poszukuj\u0105cym \u017c\u0142obka i przedszkola dla swoich pociech. Na bazie w\u0142asnych do\u015bwiadcze\u0144 zapragn\u0119\u0142am stworzy\u0107 miejsce niezwyk\u0142e: zaczarowany, kolorowy i ciekawy \u015bwiat, do kt\u00f3rego dziecko przybywa z wielk\u0105 rado\u015bci\u0105 [&hellip;]<\/p>\n","protected":false},"author":1,"featured_media":0,"parent":0,"menu_order":0,"comment_status":"closed","ping_status":"closed","template":"","meta":{"footnotes":""},"class_list":["post-233","page","type-page","status-publish","hentry"],"_links":{"self":[{"href":"https:\/\/swiatdziecka-ruczaj.pl\/WP1\/wp-json\/wp\/v2\/pages\/233","targetHints":{"allow":["GET"]}}],"collection":[{"href":"https:\/\/swiatdziecka-ruczaj.pl\/WP1\/wp-json\/wp\/v2\/pages"}],"about":[{"href":"https:\/\/swiatdziecka-ruczaj.pl\/WP1\/wp-json\/wp\/v2\/types\/page"}],"author":[{"embeddable":true,"href":"https:\/\/swiatdziecka-ruczaj.pl\/WP1\/wp-json\/wp\/v2\/users\/1"}],"replies":[{"embeddable":true,"href":"https:\/\/swiatdziecka-ruczaj.pl\/WP1\/wp-json\/wp\/v2\/comments?post=233"}],"version-history":[{"count":61,"href":"https:\/\/swiatdziecka-ruczaj.pl\/WP1\/wp-json\/wp\/v2\/pages\/233\/revisions"}],"predecessor-version":[{"id":2099,"href":"https:\/\/swiatdziecka-ruczaj.pl\/WP1\/wp-json\/wp\/v2\/pages\/233\/revisions\/2099"}],"wp:attachment":[{"href":"https:\/\/swiatdziecka-ruczaj.pl\/WP1\/wp-json\/wp\/v2\/media?parent=233"}],"curies":[{"name":"wp","href":"https:\/\/api.w.org\/{rel}","templated":true}]}}