{"id":227,"date":"2022-08-30T17:02:20","date_gmt":"2022-08-30T15:02:20","guid":{"rendered":"https:\/\/swiatdziecka-ruczaj.pl\/WP1\/?page_id=227"},"modified":"2026-02-16T13:47:35","modified_gmt":"2026-02-16T12:47:35","slug":"przedszkole-cennik","status":"publish","type":"page","link":"https:\/\/swiatdziecka-ruczaj.pl\/WP1\/przedszkole-cennik\/","title":{"rendered":"Przedszkole \u2013 cennik"},"content":{"rendered":"\t\t<div data-elementor-type=\"wp-page\" data-elementor-id=\"227\" class=\"elementor elementor-227\" data-elementor-post-type=\"page\">\n\t\t\t\t\t\t<section class=\"elementor-section elementor-top-section elementor-element elementor-element-7884eabf elementor-reverse-mobile elementor-section-boxed elementor-section-height-default elementor-section-height-default\" data-id=\"7884eabf\" data-element_type=\"section\" data-e-type=\"section\" data-settings=\"{&quot;background_background&quot;:&quot;classic&quot;}\">\n\t\t\t\t\t\t<div class=\"elementor-container elementor-column-gap-default\">\n\t\t\t\t\t<div class=\"elementor-column elementor-col-50 elementor-top-column elementor-element elementor-element-78eecdb4\" data-id=\"78eecdb4\" data-element_type=\"column\" data-e-type=\"column\" data-settings=\"{&quot;background_background&quot;:&quot;classic&quot;}\">\n\t\t\t<div class=\"elementor-widget-wrap elementor-element-populated\">\n\t\t\t\t\t<div class=\"elementor-background-overlay\"><\/div>\n\t\t\t\t\t\t<div class=\"elementor-element elementor-element-bacb7a2 elementor-widget__width-auto elementor-absolute elementor-widget elementor-widget-image\" data-id=\"bacb7a2\" data-element_type=\"widget\" data-e-type=\"widget\" data-settings=\"{&quot;_position&quot;:&quot;absolute&quot;}\" data-widget_type=\"image.default\">\n\t\t\t\t<div class=\"elementor-widget-container\">\n\t\t\t\t\t\t\t\t\t\t\t\t\t\t\t<img fetchpriority=\"high\" decoding=\"async\" width=\"800\" height=\"405\" src=\"https:\/\/swiatdziecka-ruczaj.pl\/WP1\/wp-content\/uploads\/2022\/08\/sun-rainbow-1024x519.png\" class=\"attachment-large size-large wp-image-627\" alt=\"\" srcset=\"https:\/\/swiatdziecka-ruczaj.pl\/WP1\/wp-content\/uploads\/2022\/08\/sun-rainbow-1024x519.png 1024w, https:\/\/swiatdziecka-ruczaj.pl\/WP1\/wp-content\/uploads\/2022\/08\/sun-rainbow-300x152.png 300w, https:\/\/swiatdziecka-ruczaj.pl\/WP1\/wp-content\/uploads\/2022\/08\/sun-rainbow-768x389.png 768w, https:\/\/swiatdziecka-ruczaj.pl\/WP1\/wp-content\/uploads\/2022\/08\/sun-rainbow.png 1212w\" sizes=\"(max-width: 800px) 100vw, 800px\" \/>\t\t\t\t\t\t\t\t\t\t\t\t\t\t\t<\/div>\n\t\t\t\t<\/div>\n\t\t\t\t<div class=\"elementor-element elementor-element-61c44604 elementor-widget elementor-widget-image\" data-id=\"61c44604\" data-element_type=\"widget\" data-e-type=\"widget\" data-widget_type=\"image.default\">\n\t\t\t\t<div class=\"elementor-widget-container\">\n\t\t\t\t\t\t\t\t\t\t\t\t\t\t\t<img decoding=\"async\" width=\"500\" height=\"784\" src=\"https:\/\/swiatdziecka-ruczaj.pl\/WP1\/wp-content\/uploads\/2022\/08\/banner1a.jpg\" class=\"attachment-full size-full wp-image-635\" alt=\"\" srcset=\"https:\/\/swiatdziecka-ruczaj.pl\/WP1\/wp-content\/uploads\/2022\/08\/banner1a.jpg 500w, https:\/\/swiatdziecka-ruczaj.pl\/WP1\/wp-content\/uploads\/2022\/08\/banner1a-191x300.jpg 191w\" sizes=\"(max-width: 500px) 100vw, 500px\" \/>\t\t\t\t\t\t\t\t\t\t\t\t\t\t\t<\/div>\n\t\t\t\t<\/div>\n\t\t\t\t\t<\/div>\n\t\t<\/div>\n\t\t\t\t<div class=\"elementor-column elementor-col-50 elementor-top-column elementor-element elementor-element-29ba4637\" data-id=\"29ba4637\" data-element_type=\"column\" data-e-type=\"column\">\n\t\t\t<div class=\"elementor-widget-wrap elementor-element-populated\">\n\t\t\t\t\t\t<div class=\"elementor-element elementor-element-1f690d4b elementor-widget elementor-widget-heading\" data-id=\"1f690d4b\" data-element_type=\"widget\" data-e-type=\"widget\" data-widget_type=\"heading.default\">\n\t\t\t\t<div class=\"elementor-widget-container\">\n\t\t\t\t\t<h3 class=\"elementor-heading-title elementor-size-default\">PRZEDSZKOLE 5H DARMOWE (GODZINACH 8.00 DO 13.00) \nKA\u017bDA KOLEJNA GODZINA ZA 1,44Z\u0141<\/h3>\t\t\t\t<\/div>\n\t\t\t\t<\/div>\n\t\t\t\t<div class=\"elementor-element elementor-element-16e3347c elementor-widget elementor-widget-image\" data-id=\"16e3347c\" data-element_type=\"widget\" data-e-type=\"widget\" data-widget_type=\"image.default\">\n\t\t\t\t<div class=\"elementor-widget-container\">\n\t\t\t\t\t\t\t\t\t\t\t\t\t\t\t<img decoding=\"async\" width=\"315\" height=\"26\" src=\"https:\/\/swiatdziecka-ruczaj.pl\/WP1\/wp-content\/uploads\/2022\/08\/underline-dot.png\" class=\"attachment-large size-large wp-image-29\" alt=\"\" srcset=\"https:\/\/swiatdziecka-ruczaj.pl\/WP1\/wp-content\/uploads\/2022\/08\/underline-dot.png 315w, https:\/\/swiatdziecka-ruczaj.pl\/WP1\/wp-content\/uploads\/2022\/08\/underline-dot-300x25.png 300w\" sizes=\"(max-width: 315px) 100vw, 315px\" \/>\t\t\t\t\t\t\t\t\t\t\t\t\t\t\t<\/div>\n\t\t\t\t<\/div>\n\t\t\t\t<div class=\"elementor-element elementor-element-431a8934 elementor-widget elementor-widget-text-editor\" data-id=\"431a8934\" data-element_type=\"widget\" data-e-type=\"widget\" data-widget_type=\"text-editor.default\">\n\t\t\t\t<div class=\"elementor-widget-container\">\n\t\t\t\t\t\t\t\t\t<p><em><strong>Szanowni Rodzice,<\/strong><\/em><\/p><p><strong><b>OD 01.09.2019 PRZEDSZKOLE JEST\u00a0PUBLICZNE<\/b><\/strong><\/p><h3><b>Op\u0142aty za dodatkowe godziny oraz catering prosz\u0119 dokonywa\u0107 na konto Przedszkola Bank Ing Bank \u015al\u0105ski nr 50105014451000009221898076 <\/b><\/h3><p><b>(przy dokonywaniu op\u0142aty nale\u017cy pami\u0119ta\u0107 w szczeg\u00f3lno\u015bci o wpisaniu imienia i nazwiska dziecka, za kt\u00f3re dokonywana jest op\u0142ata oraz czego dotyczy op\u0142ata-catering, godziny dodatkowe za m-c \u2026\u2026\u2026\u2026\u2026 ).<\/b><\/p><p><b>Wysoko\u015b\u0107 op\u0142at za \u015bwiadczenia<\/b> <u><b>OBECNO\u015a\u0106 W PRZEDSZKOLU: <\/b><\/u><\/p><p>1)\u00a0 w godz. 8.00 \u2013 13.00 bezp\u0142atnie;<\/p><p>2) za korzystanie ze \u015bwiadcze\u0144 poza 8.00 \u2013 13.00:<\/p><p>a) przez dzieci 6-letnie realizuj\u0105ce roczne obowi\u0105zkowe przygotowanie przedszkolne \u2013 nie ma op\u0142at \/ wg zasady obowi\u0105zuj\u0105cej w ustawie o systemie o\u015bwiaty, dzieckiem 6-letnim jest to, kt\u00f3re rozpoczyna edukacj\u0119 przedszkoln\u0105 od nowego roku szkolnego (od wrze\u015bnia) w roku kalendarzowym, w kt\u00f3rym uko\u0144czy 6 lat. Podobnie nale\u017cy definiowa\u0107 dziecko 5-letnie;<\/p><p>b) przez pozosta\u0142e dzieci ucz\u0119szczaj\u0105ce do przedszkola za ka\u017cd\u0105 rozpocz\u0119t\u0105 godzin\u0119 pobytu dziecka: 1,44 z\u0142,<\/p><p>-w przypadku korzystania przez rodzic\u00f3w z Programu \u201eKrakowska Karta Rodzinna 3+\u201d lub Krak\u00f3w dla Rodziny N &#8211; 0,72 z\u0142,<\/p><p>-dla rodzin obj\u0119tych zar\u00f3wno Programami KKR 3+ jak i Programem Krak\u00f3w dla Rodziny N \u2013 0,00 z\u0142.<\/p><p>3. Op\u0142aty za korzystanie z us\u0142ug Przedszkola pobierane s\u0105 z \u201edo\u0142u\u201d. Termin p\u0142atno\u015bci do 05 &#8211; tego dnia miesi\u0105ca nast\u0119pnego.<\/p><p>4. Op\u0142aty nie naliczane s\u0105 tylko w przypadku ca\u0142odziennej nieobecno\u015bci dziecka w danym dniu (liczone na koniec miesi\u0105ca).<\/p><p>5. Op\u0142aty dokonuje si\u0119 na rachunek bankowy przedszkola.<\/p><p><u><b>POSI\u0141KI:<\/b><\/u> Wy\u017cywienie dostarczane jest przez firm\u0119 cateringow\u0105.\u00a0<\/p><p><strong>Od 01.09.2025 stawka dzienna za wy\u017cywienie wynosi\u00a0 22,00z\u0142.<\/strong> * \u015bniadanie \u2013 4,0 z\u0142, * obiad dwudaniowy \u2013 15,0 z\u0142, * podwieczorek plus owoc &#8211; 3z\u0142.<\/p><p>Oplata za wy\u017cywienie dziecka w przedszkolu pobierana jest z do\u0142u i p\u0142atna jest do 05 ka\u017cdego miesi\u0105ca przelewem na konto.<\/p><p><b>Zgodnie z art. 52 ust. 15 ustawy z dnia 27 pa\u017adziernika 2017 r. o finansowaniu zada\u0144 o\u015bwiatowych (Dz. U. z 2017r. poz. 2203) op\u0142aty za korzystanie z wychowania przedszkolnego w publicznych plac\u00f3wkach wychowania przedszkolnego przez jednostki samorz\u0105du terytorialnego oraz op\u0142aty za korzystanie z wy\u017cywienia stanowi\u0105 niepodatkowe nale\u017cno\u015bci bud\u017cetowe o charakterze publiczno \u2013 prawnym.<\/b>\u00a0<\/p>\t\t\t\t\t\t\t\t<\/div>\n\t\t\t\t<\/div>\n\t\t\t\t\t<\/div>\n\t\t<\/div>\n\t\t\t\t\t<\/div>\n\t\t<\/section>\n\t\t\t\t<\/div>\n\t\t","protected":false},"excerpt":{"rendered":"<p>PRZEDSZKOLE 5H DARMOWE (GODZINACH 8.00 DO 13.00) KA\u017bDA KOLEJNA GODZINA ZA 1,44Z\u0141 Szanowni Rodzice, OD 01.09.2019 PRZEDSZKOLE JEST\u00a0PUBLICZNE Op\u0142aty za dodatkowe godziny oraz catering prosz\u0119 dokonywa\u0107 na konto Przedszkola Bank Ing Bank \u015al\u0105ski nr 50105014451000009221898076 (przy dokonywaniu op\u0142aty nale\u017cy pami\u0119ta\u0107 w szczeg\u00f3lno\u015bci o wpisaniu imienia i nazwiska dziecka, za kt\u00f3re dokonywana jest op\u0142ata oraz czego [&hellip;]<\/p>\n","protected":false},"author":1,"featured_media":0,"parent":0,"menu_order":0,"comment_status":"closed","ping_status":"closed","template":"","meta":{"footnotes":""},"class_list":["post-227","page","type-page","status-publish","hentry"],"_links":{"self":[{"href":"https:\/\/swiatdziecka-ruczaj.pl\/WP1\/wp-json\/wp\/v2\/pages\/227","targetHints":{"allow":["GET"]}}],"collection":[{"href":"https:\/\/swiatdziecka-ruczaj.pl\/WP1\/wp-json\/wp\/v2\/pages"}],"about":[{"href":"https:\/\/swiatdziecka-ruczaj.pl\/WP1\/wp-json\/wp\/v2\/types\/page"}],"author":[{"embeddable":true,"href":"https:\/\/swiatdziecka-ruczaj.pl\/WP1\/wp-json\/wp\/v2\/users\/1"}],"replies":[{"embeddable":true,"href":"https:\/\/swiatdziecka-ruczaj.pl\/WP1\/wp-json\/wp\/v2\/comments?post=227"}],"version-history":[{"count":40,"href":"https:\/\/swiatdziecka-ruczaj.pl\/WP1\/wp-json\/wp\/v2\/pages\/227\/revisions"}],"predecessor-version":[{"id":2138,"href":"https:\/\/swiatdziecka-ruczaj.pl\/WP1\/wp-json\/wp\/v2\/pages\/227\/revisions\/2138"}],"wp:attachment":[{"href":"https:\/\/swiatdziecka-ruczaj.pl\/WP1\/wp-json\/wp\/v2\/media?parent=227"}],"curies":[{"name":"wp","href":"https:\/\/api.w.org\/{rel}","templated":true}]}}