{"id":206,"date":"2022-08-30T16:58:14","date_gmt":"2022-08-30T14:58:14","guid":{"rendered":"https:\/\/swiatdziecka-ruczaj.pl\/WP1\/?page_id=206"},"modified":"2026-01-28T14:00:14","modified_gmt":"2026-01-28T13:00:14","slug":"przedszkole-nasza-kadra","status":"publish","type":"page","link":"https:\/\/swiatdziecka-ruczaj.pl\/WP1\/przedszkole-nasza-kadra\/","title":{"rendered":"Przedszkole \u2013 nasza kadra"},"content":{"rendered":"\t\t<div data-elementor-type=\"wp-page\" data-elementor-id=\"206\" class=\"elementor elementor-206\" data-elementor-post-type=\"page\">\n\t\t\t\t\t\t<section class=\"elementor-section elementor-top-section elementor-element elementor-element-124ad5b3 elementor-section-boxed elementor-section-height-default elementor-section-height-default\" data-id=\"124ad5b3\" data-element_type=\"section\" data-e-type=\"section\" data-settings=\"{&quot;background_background&quot;:&quot;classic&quot;}\">\n\t\t\t\t\t\t\t<div class=\"elementor-background-overlay\"><\/div>\n\t\t\t\t\t\t\t<div class=\"elementor-container elementor-column-gap-default\">\n\t\t\t\t\t<div class=\"elementor-column elementor-col-100 elementor-top-column elementor-element elementor-element-59d3e72d\" data-id=\"59d3e72d\" data-element_type=\"column\" data-e-type=\"column\">\n\t\t\t<div class=\"elementor-widget-wrap elementor-element-populated\">\n\t\t\t\t\t\t<div class=\"elementor-element elementor-element-6a73101 elementor-widget elementor-widget-heading\" data-id=\"6a73101\" data-element_type=\"widget\" data-e-type=\"widget\" data-widget_type=\"heading.default\">\n\t\t\t\t<div class=\"elementor-widget-container\">\n\t\t\t\t\t<h2 class=\"elementor-heading-title elementor-size-default\">Nasza kadra<\/h2>\t\t\t\t<\/div>\n\t\t\t\t<\/div>\n\t\t\t\t<div class=\"elementor-element elementor-element-71ab765c elementor-widget elementor-widget-image\" data-id=\"71ab765c\" data-element_type=\"widget\" data-e-type=\"widget\" data-widget_type=\"image.default\">\n\t\t\t\t<div class=\"elementor-widget-container\">\n\t\t\t\t\t\t\t\t\t\t\t\t\t\t\t<img decoding=\"async\" width=\"315\" height=\"26\" src=\"https:\/\/swiatdziecka-ruczaj.pl\/WP1\/wp-content\/uploads\/2022\/08\/underline-dot.png\" class=\"attachment-large size-large wp-image-29\" alt=\"\" srcset=\"https:\/\/swiatdziecka-ruczaj.pl\/WP1\/wp-content\/uploads\/2022\/08\/underline-dot.png 315w, https:\/\/swiatdziecka-ruczaj.pl\/WP1\/wp-content\/uploads\/2022\/08\/underline-dot-300x25.png 300w\" sizes=\"(max-width: 315px) 100vw, 315px\" \/>\t\t\t\t\t\t\t\t\t\t\t\t\t\t\t<\/div>\n\t\t\t\t<\/div>\n\t\t\t\t<div class=\"elementor-element elementor-element-83ee1ca elementor-widget elementor-widget-text-editor\" data-id=\"83ee1ca\" data-element_type=\"widget\" data-e-type=\"widget\" data-widget_type=\"text-editor.default\">\n\t\t\t\t<div class=\"elementor-widget-container\">\n\t\t\t\t\t\t\t\t\t<p><strong>Donata Szyndler &#8211; Dyrektor<\/strong><\/p><p>Przedszkole \u201e\u015awiat dziecka\u201d stworzy\u0142am z potrzeby serca i pasji. To efekt moich marze\u0144 o miejscu przyjaznym dla dzieci i rodzic\u00f3w. Sama jestem Rodzicem, kt\u00f3ry stan\u0105\u0142 w obliczu znalezienia \u017c\u0142obka i przedszkola dla swoich pociech. Na bazie w\u0142asnych do\u015bwiadcze\u0144 zapragn\u0119\u0142am stworzy\u0107 miejsce niezwyk\u0142e: zaczarowany, kolorowy i ciekawy \u015bwiat, do kt\u00f3rego dziecko b\u0119dzie przybywa\u0107 z wielk\u0105 rado\u015bci\u0105 i ochot\u0105, by bawi\u0107 si\u0119 z r\u00f3wie\u015bnikami, doznawa\u0107 nowych wra\u017ce\u0144, czu\u0107 si\u0119 akceptowane, kochane i bezpieczne.<\/p><p><strong>Bernadetta Sadlok &#8211; Wicedyrektor, nauczyciel dyplomowany<\/strong><\/p><p align=\"justify\">Nauczyciel przedszkolny i wczesnoszkolny z 20-letnim sta\u017cem pracy w przedszkolach krakowskich samorz\u0105dowych, prywatnych i niepublicznych z dzie\u0107mi w wieku 2, 5-3 lat (najwi\u0119ksze), 4-, 5-, 6-letnimi. Jest r\u00f3wnie\u017c czynnym logoped\u0105 maj\u0105cych 11-letnie do\u015bwiadczenie w pracy z dzie\u0107mi w wieku przedszkolnym oraz z m\u0142odzie\u017c\u0105 i doros\u0142ymi (alalia, wady wymowy, op\u00f3\u017aniony rozw\u00f3j mowy, j\u0105kanie, autyzm, dzieci nies\u0142ysz\u0105ce, zesp\u00f3\u0142 di George\u2019a, upo\u015bledzenie umys\u0142owe, padaczka, afazja, dwuj\u0119zyczno\u015b\u0107) oraz dyrektorem do spraw pedagogicznych z 4-letnim sta\u017cem pracy (w kilku plac\u00f3wkach r\u00f3wnolegle). Posiada Certyfikat Logopedy przyznany przez Polski Zwi\u0105zek Logoped\u00f3w potwierdzaj\u0105cy wysokie kwalifikacje logopedy.<\/p><p><span style=\"color: #09a5de;\"><strong>\u00a0 \u00a0<span style=\"text-decoration: underline;\">ODDZIA\u0141 <\/span><\/strong><\/span><span style=\"text-decoration: underline;\"><span style=\"color: #09a5de; text-decoration: underline;\"><strong><span style=\"color: #09a5de; text-decoration: underline;\">PSZCZ\u00d3\u0141KI<\/span><\/strong><\/span><\/span><\/p><p align=\"justify\"><strong>Pani Magda &#8211; Nauczyciel wychowania przedszkolnego<\/strong><\/p><p align=\"justify\"><strong>Posiadane kwalifikacje<\/strong>: Pedagogika przedszkolna i wczesnoszkolna w trakcie studi\u00f3w magisterskich.\u00a0<\/p><p align=\"justify\"><strong>Pani Magda o sobie: <\/strong>od 2018 roku nieprzerwanie pracuj\u0119 z dzie\u0107mi, zdobywaj\u0105c do\u015bwiadczenie zar\u00f3wno w pracy dydaktycznej, jak i wychowawczej. Moja \u015bcie\u017cka zawodowa opiera si\u0119 na wykszta\u0142ceniu oraz ci\u0105g\u0142ym rozwoju kompetencji. Uko\u0144czy\u0142am liczne kursy i szkolenia, kt\u00f3re pozwoli\u0142y mi pog\u0142\u0119bi\u0107 wiedz\u0119 z zakresu edukacji, rozwoju dziecka oraz nowoczesnych metod pracy pedagogicznej, np. \u201eAnimator czasu wolnego\u201d, \u201eElementy pedagogiki Montessori w wychowaniu przedszkolnym i wczesnoszkolnym\u201d, \u201eRelaksacyjne triki\u201d itd. Zdobyte umiej\u0119tno\u015bci z powodzeniem wykorzystuj\u0119 w codziennej pracy, dostosowuj\u0105c metody i formy nauczania do indywidualnych potrzeb dzieci.<\/p><p>W pracy z dzie\u0107mi stawiam na empati\u0119, uwa\u017cno\u015b\u0107 oraz budowanie bezpiecznej i przyjaznej atmosfery sprzyjaj\u0105cej nauce i rozwojowi. Wierz\u0119, \u017ce ka\u017cde dziecko posiada sw\u00f3j unikalny potencja\u0142, kt\u00f3ry warto odkrywa\u0107 i wspiera\u0107 poprzez m\u0105dr\u0105, \u015bwiadom\u0105 edukacj\u0119.<\/p><p align=\"justify\"><strong>Pani Bernadeta &#8211; Nauczyciel wychowania przedszkolnego<\/strong><\/p><p align=\"justify\"><strong>Posiadane kwalifikacje<\/strong>: magister pedagogiki przedszkolnej i wczesnoszkolnej oraz Uniwersytetu im. Komisja Edukacji Narodowej w Krakowie, na kt\u00f3rym uko\u0144czy\u0142am studia magisterskie z\u00a0 studia podyplomowe Zarz\u0105dzanie o\u015bwiat\u0105, a tak\u017ce Logopedyczne Studia Podyplomowe. Na Uniwersytecie Wroc\u0142awskim uko\u0144czy\u0142am Logopedyczne Studia Podyplomowe &#8211; Neurologopedia oraz w Wy\u017cszej Szkole Kszta\u0142cenia Zawodowego we Wroc\u0142awiu studia podyplomowe Nauczanie J\u0119zyka Polskiego jako Obcego i Drugiego.<\/p><p><strong>Pani Bernadeta o sobie: <\/strong>Jestem nauczycielem przedszkolnym i wczesnoszkolnym z 25-letnim sta\u017cem pracy oraz logoped\u0105\/neurologoped\u0105 z 16-letnim sta\u017cem pracy, a tak\u017ce zaledwie z rocznym sta\u017cem pracy jako lektor j\u0119zyka polskiego jako obcego i drugiego. Do\u015bwiadczenie zawodowe zdobywa\u0142am pracuj\u0105c w kilku plac\u00f3wkach o\u015bwiatowych r\u00f3wnolegle: prywatnych, niepublicznych, publicznych i samorz\u0105dowych przedszkolach oraz w o\u015brodku pomocy psychologiczno-pedagogicznej. Od 2018 r, pe\u0142ni\u0142am funkcj\u0119 dyrektora przedszkola a od 2022 r. sprawuj\u0119 funkcj\u0119 wicedyrektora w Publicznym Przedszkolu ,,\u015awiat Dziecka&#8221;.<\/p><p>MOJA PRACA JEST MOJ\u0104 PASJ\u0104.<\/p><p>Jestem osob\u0105 zorganizowan\u0105, pracowit\u0105, umiej\u0105c\u0105 odpoczywa\u0107, niekonfliktow\u0105, lubi\u0105c\u0105 si\u0119 dokszta\u0142ca\u0107, poznawa\u0107 r\u00f3\u017cnych ludzi, do kt\u00f3rych jestem pozytywnie nastawiona, oraz wyznacza\u0107 sobie kolejne cele do osi\u0105gni\u0119cia, a ka\u017cdy cel, do kt\u00f3rego zmierzam, traktuje jako wyzwanie&#8221;.<\/p><p align=\"justify\"><strong>Pani Oksana &#8211;\u00a0 Pomoc Nauczyciela<\/strong><\/p><p align=\"justify\"><strong>Posiadane kwalifikacje:<\/strong> magister, kierunek Pedagogika.<\/p><p align=\"justify\"><strong>Pani Oksana o sobie:<\/strong><\/p><p align=\"justify\"><span style=\"color: #09a5de;\"><strong>\u00a0 \u00a0<span style=\"text-decoration: underline;\">ODDZIA\u0141 MISIE<\/span><\/strong><\/span><\/p><p align=\"justify\"><strong>Pani Magda &#8211; Nauczyciel wychowania przedszkolnego\u00a0<\/strong><\/p><p align=\"justify\"><strong>Posiadane kwalifikacje:<\/strong> magister Pedagogiki przedszkolnej i wczesnoszkolnej, pedagogiki rodziny i opieki nad ma\u0142ym dzieckiem.<\/p><p align=\"justify\"><strong>Pani Magda o sobie:<\/strong>\u00a0Praca z dzie\u0107mi to moja pasja i \u017ar\u00f3d\u0142o codziennej satysfakcji. Posiadam do\u015bwiadczenie w pracy z dzie\u0107mi w ka\u017cdej grupie wiekowej przedszkola oraz w \u017c\u0142obku. W swojej pracy kieruj\u0119 si\u0119 empati\u0105, cierpliwo\u015bci\u0105 i indywidualnym podej\u015bciem do ka\u017cdego dziecka. Lubi\u0119 organizowa\u0107 ciekawe i tw\u00f3rcze zaj\u0119cia, kt\u00f3re ucz\u0105 poprzez zabaw\u0119 i wspieraj\u0105 wszechstronny rozw\u00f3j dzieci. Stale podnosz\u0119 swoje kwalifikacje, bior\u0105c udzia\u0142 w szkoleniach i kursach doskonal\u0105cych. Obecnie jestem w trakcie zdobywania stopnia awansu zawodowego nauczyciela mianowanego. Z zaanga\u017cowaniem wspieram rozw\u00f3j dzieci, ich ciekawo\u015b\u0107 \u015bwiata oraz samodzielno\u015b\u0107. Ka\u017cdy dzie\u0144 w przedszkolu traktuj\u0119 jako nowe wyzwanie i okazj\u0119 do tworzenia bezpiecznej, radosnej przestrzeni sprzyjaj\u0105cej nauce i zabawie.<\/p><p style=\"text-align: left;\" align=\"justify\"><strong>Pani Kasia &#8211;<\/strong><strong>Nauczyciel wychowania przedszkolnego<\/strong><\/p><p align=\"justify\"><strong>Posiadane kwalifikacje<\/strong>: Pedagogika przedszkolna i wczesnoszkolna w trakcie studi\u00f3w magisterskich.<\/p><p align=\"justify\"><strong>Pani Kasia o sobie:<\/strong> Posiadam do\u015bwiadczenie w pracy z dzie\u0107mi w wieku szkolnym i przedszkolnym. W swojej pracy stawiam na wsparcie, budowanie bezpiecznej relacji oraz pod\u0105\u017canie za indywidualnymi potrzebami dziecka. Ucz\u0119 poprzez do\u015bwiadczenie i zabaw\u0119, tworz\u0105c przestrze\u0144 do samodzielnego odkrywania \u015bwiata. Wspieram dzieci w rozpoznawaniu i rozwijaniu ich mocnych stron, a swoje kwalifikacje stale poszerzam poprzez udzia\u0142 w kursach i szkoleniach.<\/p><p><strong>Pani Ewa &#8211; Pomoc nauczyciela\u00a0<\/strong><\/p><p><strong>Posiadane kwalifikacje: <\/strong>magistrem ekonomii<\/p><p><strong>Pani Ewa o sobie:<\/strong> Wspieram nauczyciela w codziennej pracy dydaktyczno-wychowawczej, dbam o bezpiecze\u0144stwo dzieci, pomagam im w czynno\u015bciach samoobs\u0142ugowych oraz wspieram ich potrzeby emocjonalne. Uczestnicz\u0119 w organizacji zaj\u0119\u0107 i przygotowaniu pomocy dydaktycznych, a swoj\u0105 prac\u0119 wykonuj\u0119 z zaanga\u017cowaniem, empati\u0105 i odpowiedzialno\u015bci\u0105, dbaj\u0105c o dobr\u0105 atmosfer\u0119 w grupie.<\/p><p><span style=\"color: #09a5de;\"><strong>\u00a0 \u00a0<span style=\"text-decoration: underline;\">ODDZIA\u0141 SOWY<\/span><\/strong><\/span><\/p><p align=\"justify\"><strong>Pani Ma\u0142gosia &#8211; Nauczyciel wychowania przedszkolnego\u00a0<\/strong><\/p><p align=\"justify\"><strong>Posiadane kwalifikacje:<\/strong>\u00a0 magister kierunku Pedagogika Wczesnoszkolna i Przedszkolna. Terapeuta Integracji Sensorycznej.<\/p><p align=\"justify\"><strong>Pani Ma\u0142gosia o sobie:<\/strong> Posiadam wieloletnie do\u015bwiadczenie w pracy z dzie\u0107mi w r\u00f3\u017cnym przedziale wiekowym. Moim mottem w pracy jest nauka poprzez zabaw\u0119. W pracy staram si\u0119 urozmaica\u0107 zaj\u0119cia stosuj\u0105c r\u00f3\u017cnego typu metody pracy bior\u0105c pod uwag\u0119 zasoby i mo\u017cliwo\u015bci podopiecznych. Uko\u0144czy\u0142am r\u00f3wnie\u017c terapie integracji sensorycznej. Elementy terapii staram si\u0119 wdra\u017ca\u0107 do codziennych zaj\u0119\u0107. Moim zainteresowaniem jest\u00a0 bajkoterapia, muzyka, \u015bpiew i taniec a tak\u017ce literatura\u00a0 o samorozwoju.<\/p><p align=\"justify\"><strong>Pani Angelika &#8211;\u00a0 Nauczyciel Psycholog<\/strong><\/p><p align=\"justify\"><strong>Posiadane kwalifikacje:<\/strong> magister, kierunek Psychologia, specjalno\u015b\u0107 Psychologia Wspierania Jako\u015bci \u017bycia o module Psychologia edukacji i komunikacji (w ramach studi\u00f3w uzyskane przygotowanie do wykonywania zawodu nauczyciela). Certyfikat VCC potwierdzaj\u0105cy kwalifikacje zawodowe na stanowisku asystenta terapeuty problem\u00f3w seksualnych.<\/p><p align=\"justify\"><strong>Pani Angelika o sobie:<\/strong>\u00a0Nabywanie do\u015bwiadczenia w pracy z dzie\u0107mi rozpocz\u0119\u0142am ju\u017c <span lang=\"pl-PL\">na pierwszym<\/span> roku studi\u00f3w, za\u015b prac\u0119 w plac\u00f3wkach o\u015bwiatowych w grupach przedszkolnych zaraz po u<span lang=\"pl-PL\">zyskaniu dyplomu<\/span>. Uwa\u017cam, \u017ce jedn\u0105 z <span lang=\"pl-PL\">najistotniejszych<\/span> rzeczy w pracy z dzie\u0107mi jest to, \u017ce czasem skupiamy si\u0119 na negatywnym zachowaniu dziecka zamiast na przyczynie tego zachowania, dlatego w pracy z dzie\u0107mi skupiam si\u0119 na odszukaniu r\u00f3\u017cnych potrzeb i emocji, kt\u00f3re dzieci sygnalizuj\u0105 nam tymi zachowaniami. Czas wolny ch\u0119tnie sp\u0119dzam ucz\u0105c si\u0119 nowych rzeczy oraz czytaj\u0105c ksi\u0105\u017cki.<\/p><p align=\"left\"><strong>Pani Basia &#8211; Asystent nauczyciela\u00a0<\/strong><\/p><p align=\"left\"><strong>Posiadane kwalifikacje:<\/strong>\u00a0 wykszta\u0142cenie techniczne.<\/p><p align=\"left\"><strong>Pani Basia o sobie<\/strong> <strong>:\u00a0<\/strong> Uko\u0144czy\u0142am kurs opiekuna w \u017c\u0142obku i klubie dzieci\u0119cym do lat 3 oraz kurs pierwszej pomocy pediatrycznej. Zajmuj\u0119 si\u0119 opiek\u0105 i wsparciem dzieci oraz pomagam nauczycielowi w codziennych czynno\u015bciach. Staram si\u0119, aby ka\u017cde dziecko czu\u0142o si\u0119 bezpieczne, akceptowane , a tak\u017ce mia\u0142o mo\u017cliwo\u015b\u0107 wyra\u017cenia sowich emocji.\u00a0<\/p><p align=\"left\"><span style=\"color: #ff9900;\"><strong>ZAJ\u0118CIA DODATKOWE<\/strong><\/span><\/p><p align=\"justify\"><strong>Sylwia Szczypka &#8211; logopeda\u00a0<\/strong><\/p><p align=\"justify\"><strong>Posiadane kwalifikacje:<\/strong> licencjat Pedagogika Przedszkolna i Wczesnoszkolna; magister Logopeda.<\/p><p align=\"justify\"><strong>Pani Sylwia o sobie:<\/strong>\u00a0Do\u015bwiadczenie praktyczne w trakcie studi\u00f3w z zakresu logopedii zdobywa\u0142am zar\u00f3wno w przedszkolu, jak i szkole (w tym: szkole specjalnej). Tym samym po dzi\u015b dzie\u0144 pracuje z dzie\u0107mi w wieku przedszkolnym i szkolnym. Codzienna praca terapeutyczna daje mi ogromn\u0105 satysfakcj\u0119, ale te\u017c stanowi okazj\u0119 do samorozwoju, co bardzo sobie ceni\u0119. Na bie\u017c\u0105co bior\u0119 udzia\u0142 w szkoleniach (zw\u0142aszcza z zakresu dyslalii i terapii miofunkcjonalnej, kt\u00f3re szczeg\u00f3lnie mnie interesuj\u0105). Planuj\u0105c oddzia\u0142ywania i prowadz\u0105c zaj\u0119cia, skupiam si\u0119 przede wszystkim na tym, aby mia\u0142y one\u00a0charakter zindywidualizowany, ale te\u017c, \u017ceby by\u0142y atrakcyjne dla moich podopiecznych.<\/p><p align=\"justify\"><strong>Pani Gabriela Korzonek \u2013 Pedagog specjalny<\/strong><\/p><p align=\"justify\"><strong>Posiadane kwalifikacje: <\/strong>magister pedagogiki specjalnej, specjalno\u015bci terapia zaj\u0119ciowa oraz terapia pedagogiczna. Ponadto studia podyplomowe z edukacji i terapii os\u00f3b z zaburzeniami ze spektrum autyzmu.<\/p><p align=\"justify\"><strong>Pani Gabrysia o sobie<\/strong> <strong>: <\/strong>jestem pedagogiem specjalnym z 5 letnim sta\u017cem. Na co dzie\u0144 wspomagam dzieci z orzeczeniem o potrzebie kszta\u0142cenia specjalnego, prowadz\u0119 indywidualne zaj\u0119cia terapeutyczne dla dzieci z trudno\u015bciami rozwojowymi oraz zaj\u0119cia z terapii pedagogicznej. Swoje do\u015bwiadczenie zdobywa\u0142am ju\u017c podczas studi\u00f3w, odbywaj\u0105c sta\u017c w centrum autyzmu i ca\u0142o\u015bciowych zaburze\u0144 rozwoju, a tak\u017ce pracuj\u0105c jako opiekunka dzieci\u0119ca. Uko\u0144czone studia i kursy pozwalaj\u0105 mi na ca\u0142o\u015bciowe spojrzenie na rozw\u00f3j cz\u0142owieka od \u017c\u0142obka po kluby seniora. Stale poszerzam sw\u00f3j warsztat pedagogiczny m.in. ucz\u0119szczaj\u0105c na kurs j\u0119zyka migowego. Interesuj\u0119 psychiatri\u0105 oraz sportem, a praca z dzie\u0107mi jest moj\u0105 pasj\u0105.\u00a0<\/p><p align=\"justify\"><strong>Pani Joanna \u2013 Nauczyciel j\u0119zyka angielskiego<\/strong><\/p><p align=\"justify\"><strong>Posiadane kwalifikacje: <\/strong>magister<strong>,<\/strong>\u00a0Edukacja Przedszkolna i wczesnoszkolna z j\u0119zykiem angielskim,\u00a0 Certyfikat Common European Framework (CEF) B2.<\/p><p><strong>Pani Joanna o sobie<\/strong> <strong>:\u00a0<\/strong>Na co dzie\u0144 opr\u00f3cz pracy w przedszkolu zajmuj\u0119 si\u0119 nauk\u0105\u00a0 j\u0119zyka angielskiego dzieci w klasach 0-2 w prywatnej szkole. W swojej pracy \u0142atwo nawi\u0105zuj\u0119 kontakt z dzie\u0107mi. Staram si\u0119 aby moje lekcje by\u0142y urozmaicone oraz \u017ceby ka\u017cdy ucze\u0144 aktywnie w nich uczestniczy\u0142. Lekcje g\u0142\u00f3wnie opieram na zabawach ruchowych, piosenkach, wierszykach oraz przer\u00f3\u017cnych zabawach. Ka\u017cdy ucze\u0144 znajdzie w nich co\u015b dla siebie. W celu przybli\u017cenia mojej osoby zapraszam na m\u00f3j kana\u0142 na YouTube pt. Animowane Melodie.<\/p><p align=\"justify\"><strong>Arkadiusz Owczarczyk &#8211; Gimnastyka<\/strong><\/p><p style=\"text-align: left;\" align=\"justify\"><strong>Pani Joanna Gorczyca\u2013 zaj\u0119cia umuzykalniaj\u0105ce<\/strong><\/p><p align=\"justify\"><strong>Posiadane kwalifikacje: <\/strong>magister, kierunek pedagogika- arteterapia resocjalizacyjna, kurs pedagog nauczania wczesnoszkolnego, certyfikowany gordonowiec z Instytutu Gordonowskiego we Wroc\u0142awiu.<\/p><p align=\"justify\"><strong>Pani Joanna o sobie: <\/strong>Jestem pedagogiem-arteterapeuta z du\u017cym do\u015bwiadczeniem w pracy z dzie\u0107mi w wieku wczesnoszkolnym. Przez 3 lata pracowa\u0142am jako pomoc terapeutyczna do dzieci z autyzmem w grupie terapeutycznym w Wieliczce. W nast\u0119pnych 3 latach do\u015bwiadczenia zdobywa\u0142am jako wychowawca przedszkolny w plac\u00f3wkach Waldorfskich na terenie Niepo\u0142omic oraz plac\u00f3wkach intergacynych na terenie Krakowa. Zdoby\u0142am szeroki zakres metod pedagogicznych w zakresie wychowania dzieci w przedszkolu, co pozwala mi na budowanie bezpiecznych i pe\u0142nych zaufania zaj\u0119\u0107. Na przestrzeni lat rozwija\u0142am swoje talenty muzyczne \u015bpiewaj\u0105c w ch\u00f3rach ko\u015bcielnych i rozrywkowych. Moje zdolno\u015bci pozwoli\u0142y mi uko\u0144czy\u0107 kursy\u00a0 na prowadzenie zaj\u0119\u0107 Gordonowskich w Chorzowie oraz we Wroc\u0142awiu. Uczestnictwo w grupach tanecznych i teatralnych pozwoli\u0142 mi rozwin\u0105\u0107 zdolno\u015bci rytmiczne i aktorskie, kt\u00f3re r\u00f3wnie\u017c wykorzystuje w pracy z dzie\u0107mi. Dzia\u0142ania arteterapeutyczne wykorzystuje tworz\u0105c warsztaty ceramiczne. Interesuj\u0119 si\u0119 wszelakimi artystycznymi dzia\u0142aniami, a pasje poza prac\u0105 rozwijam \u015bpiewaj\u0105c w ch\u00f3rze Gospel w Krakowie oraz przebywaj\u0105c w naturze.<\/p><p align=\"justify\"><strong>Karolina W\u0105sacz &#8211; Ta\u0144ce<\/strong><\/p><p align=\"justify\">Posiadane kwalifikacje: posiada klas\u0119 sportowa &#8211; mistrzowsk\u0105 mi\u0119dzynarodowa ( S) w ta\u0144cach standardowych oraz legitymacje Instruktora Sportu w dziedzinie &#8211; taniec sportowy. Jest absolwentk\u0105 Uniwersytetu Ekonomicznego w Krakowie posiadaj\u0105c tytu\u0142 Magistra z dziedziny ekonomii .\u00a0<\/p><p align=\"justify\"><strong>Pani Karolina o sobie:<\/strong> swoj\u0105 przygod\u0119 z ta\u0144cem rozpocz\u0119\u0142am w wieku 8 lat &#8211; na pocz\u0105tku by\u0142a to zabawa lecz z czasem taniec sta\u0142 si\u0119 moj\u0105 \u017cyciow\u0105 pasja. Od lat trenuje\u00a0 pod okiem najlepszych trener\u00f3w w Polsce oraz za granic\u0105, osi\u0105gaj\u0105c w tym czasie mi\u0119dzy innymi Vice mistrzostwo Europy, vice mistrzostwo otwartych Mistrzostw Ukrainy oraz S\u0142owacji. Od ponad 5 lat systematycznie przekazuje swoj\u0105 wiedz\u0119 parom sportowym oraz prowadz\u0119 zaj\u0119cia taneczne w przedszkolach.<\/p>\t\t\t\t\t\t\t\t<\/div>\n\t\t\t\t<\/div>\n\t\t\t\t\t<\/div>\n\t\t<\/div>\n\t\t\t\t\t<\/div>\n\t\t<\/section>\n\t\t\t\t<\/div>\n\t\t","protected":false},"excerpt":{"rendered":"<p>Nasza kadra Donata Szyndler &#8211; Dyrektor Przedszkole \u201e\u015awiat dziecka\u201d stworzy\u0142am z potrzeby serca i pasji. To efekt moich marze\u0144 o miejscu przyjaznym dla dzieci i rodzic\u00f3w. Sama jestem Rodzicem, kt\u00f3ry stan\u0105\u0142 w obliczu znalezienia \u017c\u0142obka i przedszkola dla swoich pociech. Na bazie w\u0142asnych do\u015bwiadcze\u0144 zapragn\u0119\u0142am stworzy\u0107 miejsce niezwyk\u0142e: zaczarowany, kolorowy i ciekawy \u015bwiat, do kt\u00f3rego [&hellip;]<\/p>\n","protected":false},"author":1,"featured_media":0,"parent":0,"menu_order":0,"comment_status":"closed","ping_status":"closed","template":"","meta":{"footnotes":""},"class_list":["post-206","page","type-page","status-publish","hentry"],"_links":{"self":[{"href":"https:\/\/swiatdziecka-ruczaj.pl\/WP1\/wp-json\/wp\/v2\/pages\/206","targetHints":{"allow":["GET"]}}],"collection":[{"href":"https:\/\/swiatdziecka-ruczaj.pl\/WP1\/wp-json\/wp\/v2\/pages"}],"about":[{"href":"https:\/\/swiatdziecka-ruczaj.pl\/WP1\/wp-json\/wp\/v2\/types\/page"}],"author":[{"embeddable":true,"href":"https:\/\/swiatdziecka-ruczaj.pl\/WP1\/wp-json\/wp\/v2\/users\/1"}],"replies":[{"embeddable":true,"href":"https:\/\/swiatdziecka-ruczaj.pl\/WP1\/wp-json\/wp\/v2\/comments?post=206"}],"version-history":[{"count":172,"href":"https:\/\/swiatdziecka-ruczaj.pl\/WP1\/wp-json\/wp\/v2\/pages\/206\/revisions"}],"predecessor-version":[{"id":2075,"href":"https:\/\/swiatdziecka-ruczaj.pl\/WP1\/wp-json\/wp\/v2\/pages\/206\/revisions\/2075"}],"wp:attachment":[{"href":"https:\/\/swiatdziecka-ruczaj.pl\/WP1\/wp-json\/wp\/v2\/media?parent=206"}],"curies":[{"name":"wp","href":"https:\/\/api.w.org\/{rel}","templated":true}]}}