{"id":1415,"date":"2023-02-25T08:55:03","date_gmt":"2023-02-25T07:55:03","guid":{"rendered":"https:\/\/swiatdziecka-ruczaj.pl\/WP1\/?page_id=1415"},"modified":"2025-12-19T12:20:05","modified_gmt":"2025-12-19T11:20:05","slug":"sowy_przedszkole","status":"publish","type":"page","link":"https:\/\/swiatdziecka-ruczaj.pl\/WP1\/sowy_przedszkole\/","title":{"rendered":"Sowy_Przedszkole"},"content":{"rendered":"\t\t<div data-elementor-type=\"wp-page\" data-elementor-id=\"1415\" class=\"elementor elementor-1415\" data-elementor-post-type=\"page\">\n\t\t\t\t\t\t<section class=\"elementor-section elementor-top-section elementor-element elementor-element-2362e73a elementor-section-boxed elementor-section-height-default elementor-section-height-default\" data-id=\"2362e73a\" data-element_type=\"section\" data-e-type=\"section\" data-settings=\"{&quot;background_background&quot;:&quot;classic&quot;}\">\n\t\t\t\t\t\t<div class=\"elementor-container elementor-column-gap-default\">\n\t\t\t\t\t<div class=\"elementor-column elementor-col-100 elementor-top-column elementor-element elementor-element-5916d16d\" data-id=\"5916d16d\" data-element_type=\"column\" data-e-type=\"column\">\n\t\t\t<div class=\"elementor-widget-wrap elementor-element-populated\">\n\t\t\t\t\t\t<div class=\"elementor-element elementor-element-5c9691e8 elementor-widget elementor-widget-heading\" data-id=\"5c9691e8\" data-element_type=\"widget\" data-e-type=\"widget\" data-widget_type=\"heading.default\">\n\t\t\t\t<div class=\"elementor-widget-container\">\n\t\t\t\t\t<h2 class=\"elementor-heading-title elementor-size-default\">Grupa - Sowy<\/h2>\t\t\t\t<\/div>\n\t\t\t\t<\/div>\n\t\t\t\t\t<\/div>\n\t\t<\/div>\n\t\t\t\t\t<\/div>\n\t\t<\/section>\n\t\t\t\t<section class=\"elementor-section elementor-top-section elementor-element elementor-element-65d6537d elementor-section-boxed elementor-section-height-default elementor-section-height-default\" data-id=\"65d6537d\" data-element_type=\"section\" data-e-type=\"section\" data-settings=\"{&quot;background_background&quot;:&quot;classic&quot;}\">\n\t\t\t\t\t\t<div class=\"elementor-container elementor-column-gap-default\">\n\t\t\t\t\t<div class=\"elementor-column elementor-col-50 elementor-top-column elementor-element elementor-element-6657dba0\" data-id=\"6657dba0\" data-element_type=\"column\" data-e-type=\"column\" data-settings=\"{&quot;background_background&quot;:&quot;classic&quot;}\">\n\t\t\t<div class=\"elementor-widget-wrap elementor-element-populated\">\n\t\t\t\t\t<div class=\"elementor-background-overlay\"><\/div>\n\t\t\t\t\t\t<div class=\"elementor-element elementor-element-18d5957d elementor-widget__width-auto elementor-absolute elementor-widget elementor-widget-image\" data-id=\"18d5957d\" data-element_type=\"widget\" data-e-type=\"widget\" data-settings=\"{&quot;_position&quot;:&quot;absolute&quot;}\" data-widget_type=\"image.default\">\n\t\t\t\t<div class=\"elementor-widget-container\">\n\t\t\t\t\t\t\t\t\t\t\t\t\t\t\t<img fetchpriority=\"high\" decoding=\"async\" width=\"855\" height=\"640\" src=\"https:\/\/swiatdziecka-ruczaj.pl\/WP1\/wp-content\/uploads\/2022\/08\/cloud-hotair-balloon.png\" class=\"attachment-full size-full wp-image-31\" alt=\"\" srcset=\"https:\/\/swiatdziecka-ruczaj.pl\/WP1\/wp-content\/uploads\/2022\/08\/cloud-hotair-balloon.png 855w, https:\/\/swiatdziecka-ruczaj.pl\/WP1\/wp-content\/uploads\/2022\/08\/cloud-hotair-balloon-300x225.png 300w, https:\/\/swiatdziecka-ruczaj.pl\/WP1\/wp-content\/uploads\/2022\/08\/cloud-hotair-balloon-768x575.png 768w\" sizes=\"(max-width: 855px) 100vw, 855px\" \/>\t\t\t\t\t\t\t\t\t\t\t\t\t\t\t<\/div>\n\t\t\t\t<\/div>\n\t\t\t\t\t<\/div>\n\t\t<\/div>\n\t\t\t\t<div class=\"elementor-column elementor-col-50 elementor-top-column elementor-element elementor-element-400676bd\" data-id=\"400676bd\" data-element_type=\"column\" data-e-type=\"column\">\n\t\t\t<div class=\"elementor-widget-wrap elementor-element-populated\">\n\t\t\t\t\t\t<div class=\"elementor-element elementor-element-565a776a elementor-widget elementor-widget-heading\" data-id=\"565a776a\" data-element_type=\"widget\" data-e-type=\"widget\" data-widget_type=\"heading.default\">\n\t\t\t\t<div class=\"elementor-widget-container\">\n\t\t\t\t\t<h3 class=\"elementor-heading-title elementor-size-default\"><strong>Realizowane projekty edukacyjne:&nbsp;<\/strong><\/h3>\t\t\t\t<\/div>\n\t\t\t\t<\/div>\n\t\t\t\t<div class=\"elementor-element elementor-element-6385495 elementor-widget elementor-widget-heading\" data-id=\"6385495\" data-element_type=\"widget\" data-e-type=\"widget\" data-widget_type=\"heading.default\">\n\t\t\t\t<div class=\"elementor-widget-container\">\n\t\t\t\t\t<h5 class=\"elementor-heading-title elementor-size-default\">Og\u00f3lnopolski projekt edukacyjny \"Zabawa sztuk\u0105\" \n<br>Og\u00f3lnopolski projekt edukacyjny  \"Czuciaki z Krainy Emocji\" i \"Emocje maj\u0105 g\u0142os\" <\/h5>\t\t\t\t<\/div>\n\t\t\t\t<\/div>\n\t\t\t\t<div class=\"elementor-element elementor-element-5ab9e49d elementor-widget elementor-widget-image\" data-id=\"5ab9e49d\" data-element_type=\"widget\" data-e-type=\"widget\" data-widget_type=\"image.default\">\n\t\t\t\t<div class=\"elementor-widget-container\">\n\t\t\t\t\t\t\t\t\t\t\t\t\t\t\t<img decoding=\"async\" width=\"315\" height=\"26\" src=\"https:\/\/swiatdziecka-ruczaj.pl\/WP1\/wp-content\/uploads\/2022\/08\/underline-dot.png\" class=\"attachment-large size-large wp-image-29\" alt=\"\" srcset=\"https:\/\/swiatdziecka-ruczaj.pl\/WP1\/wp-content\/uploads\/2022\/08\/underline-dot.png 315w, https:\/\/swiatdziecka-ruczaj.pl\/WP1\/wp-content\/uploads\/2022\/08\/underline-dot-300x25.png 300w\" sizes=\"(max-width: 315px) 100vw, 315px\" \/>\t\t\t\t\t\t\t\t\t\t\t\t\t\t\t<\/div>\n\t\t\t\t<\/div>\n\t\t\t\t<div class=\"elementor-element elementor-element-ec91629 elementor-widget elementor-widget-heading\" data-id=\"ec91629\" data-element_type=\"widget\" data-e-type=\"widget\" data-widget_type=\"heading.default\">\n\t\t\t\t<div class=\"elementor-widget-container\">\n\t\t\t\t\t<h3 class=\"elementor-heading-title elementor-size-default\"><strong>Realizowane warsztaty co m-c:&nbsp;<\/strong><\/h3>\t\t\t\t<\/div>\n\t\t\t\t<\/div>\n\t\t\t\t<div class=\"elementor-element elementor-element-71ceb00 elementor-widget elementor-widget-heading\" data-id=\"71ceb00\" data-element_type=\"widget\" data-e-type=\"widget\" data-widget_type=\"heading.default\">\n\t\t\t\t<div class=\"elementor-widget-container\">\n\t\t\t\t\t<h5 class=\"elementor-heading-title elementor-size-default\">Warsztaty chemiczne,\n<br><br>Robotyka.<\/h5>\t\t\t\t<\/div>\n\t\t\t\t<\/div>\n\t\t\t\t\t<\/div>\n\t\t<\/div>\n\t\t\t\t\t<\/div>\n\t\t<\/section>\n\t\t\t\t<section class=\"elementor-section elementor-top-section elementor-element elementor-element-2b3470fd elementor-section-boxed elementor-section-height-default elementor-section-height-default\" data-id=\"2b3470fd\" data-element_type=\"section\" data-e-type=\"section\" data-settings=\"{&quot;background_background&quot;:&quot;classic&quot;}\">\n\t\t\t\t\t\t<div class=\"elementor-container elementor-column-gap-default\">\n\t\t\t\t\t<div class=\"elementor-column elementor-col-50 elementor-top-column elementor-element elementor-element-6dbd7a5c\" data-id=\"6dbd7a5c\" data-element_type=\"column\" data-e-type=\"column\">\n\t\t\t<div class=\"elementor-widget-wrap elementor-element-populated\">\n\t\t\t\t\t\t\t<\/div>\n\t\t<\/div>\n\t\t\t\t<div class=\"elementor-column elementor-col-50 elementor-top-column elementor-element elementor-element-3a06dc6c\" data-id=\"3a06dc6c\" data-element_type=\"column\" data-e-type=\"column\">\n\t\t\t<div class=\"elementor-widget-wrap elementor-element-populated\">\n\t\t\t\t\t\t\t<\/div>\n\t\t<\/div>\n\t\t\t\t\t<\/div>\n\t\t<\/section>\n\t\t\t\t<\/div>\n\t\t","protected":false},"excerpt":{"rendered":"<p>Grupa &#8211; Sowy Realizowane projekty edukacyjne:&nbsp; Og\u00f3lnopolski projekt edukacyjny &#8222;Zabawa sztuk\u0105&#8221; Og\u00f3lnopolski projekt edukacyjny &#8222;Czuciaki z Krainy Emocji&#8221; i &#8222;Emocje maj\u0105 g\u0142os&#8221; Realizowane warsztaty co m-c:&nbsp; Warsztaty chemiczne, Robotyka.<\/p>\n","protected":false},"author":1,"featured_media":0,"parent":0,"menu_order":0,"comment_status":"closed","ping_status":"closed","template":"","meta":{"footnotes":""},"class_list":["post-1415","page","type-page","status-publish","hentry"],"_links":{"self":[{"href":"https:\/\/swiatdziecka-ruczaj.pl\/WP1\/wp-json\/wp\/v2\/pages\/1415","targetHints":{"allow":["GET"]}}],"collection":[{"href":"https:\/\/swiatdziecka-ruczaj.pl\/WP1\/wp-json\/wp\/v2\/pages"}],"about":[{"href":"https:\/\/swiatdziecka-ruczaj.pl\/WP1\/wp-json\/wp\/v2\/types\/page"}],"author":[{"embeddable":true,"href":"https:\/\/swiatdziecka-ruczaj.pl\/WP1\/wp-json\/wp\/v2\/users\/1"}],"replies":[{"embeddable":true,"href":"https:\/\/swiatdziecka-ruczaj.pl\/WP1\/wp-json\/wp\/v2\/comments?post=1415"}],"version-history":[{"count":37,"href":"https:\/\/swiatdziecka-ruczaj.pl\/WP1\/wp-json\/wp\/v2\/pages\/1415\/revisions"}],"predecessor-version":[{"id":1994,"href":"https:\/\/swiatdziecka-ruczaj.pl\/WP1\/wp-json\/wp\/v2\/pages\/1415\/revisions\/1994"}],"wp:attachment":[{"href":"https:\/\/swiatdziecka-ruczaj.pl\/WP1\/wp-json\/wp\/v2\/media?parent=1415"}],"curies":[{"name":"wp","href":"https:\/\/api.w.org\/{rel}","templated":true}]}}